{"id":119,"date":"2016-06-10T13:03:20","date_gmt":"2016-06-10T13:03:20","guid":{"rendered":"https:\/\/8.villas\/?page_id=119"},"modified":"2017-06-25T06:14:51","modified_gmt":"2017-06-25T06:14:51","slug":"lombok","status":"publish","type":"page","link":"https:\/\/8.villas\/de\/lombok\/","title":{"rendered":"Lombok"},"content":{"rendered":"[vc_row type=&#8220;in_container&#8220; full_screen_row_position=&#8220;middle&#8220; scene_position=&#8220;center&#8220; text_color=&#8220;dark&#8220; text_align=&#8220;left&#8220; overlay_strength=&#8220;0.3&#8243;][vc_column column_padding=&#8220;no-extra-padding&#8220; column_padding_position=&#8220;all&#8220; background_color_opacity=&#8220;1&#8243; background_hover_color_opacity=&#8220;1&#8243; column_shadow=&#8220;none&#8220; width=&#8220;1\/1&#8243; tablet_text_alignment=&#8220;default&#8220; phone_text_alignment=&#8220;default&#8220; column_border_width=&#8220;none&#8220; column_border_style=&#8220;solid&#8220;]<div style=\"height: 500px\"  data-transition=\"slide\" data-overall_style=\"classic\" data-flexible-height=\"\" data-animate-in-effect=\"none\" data-fullscreen=\"false\" data-button-sizing=\"regular\" data-button-styling=\"btn_with_count\" data-autorotate=\"\" data-parallax=\"false\" data-full-width=\"true\" class=\"nectar-slider-wrap \" id=\"ns-id-69e233673c5d6\">\n\t\t\t<div style=\"height: 500px\" class=\"swiper-container\"  data-tho=\"auto\" data-tco=\"auto\" data-pho=\"auto\" data-pco=\"auto\" data-loop=\"false\" data-height=\"500\" data-min-height=\"\" data-arrows=\"false\" data-bullets=\"false\" data-bullet_style=\"see_through\" data-desktop-swipe=\"false\" data-settings=\"\">\n\t\t\t\t    <div class=\"swiper-wrapper\"><div class=\"swiper-slide\" data-bg-alignment=\"center\" data-color-scheme=\"light\" data-x-pos=\"left\" data-y-pos=\"middle\"> \n\t\t\t\t\t\t\t\t<div class=\"image-bg\" style=\"background-image: url(https:\/\/8.villas\/de\/wp-content\/uploads\/2016\/11\/lombok.jpg);\"> &nbsp; <\/div><div class=\"container\">\n\t\t\t\t\t\t\t\t\t<div class=\"content\"><h2>Lombok - die Ruhe selbst<\/h2><\/div>\n\t\t\t\t\t\t\t\t<\/div><!--\/container--><div class=\"video-texture \"> <span class=\"ie-fix\"><\/span> <\/div><\/div><!--\/swiper-slide--><\/div><div class=\"nectar-slider-loading \"> <span class=\"loading-icon none\">   <\/span> <\/div> <\/div> \n\t\t\t\t\n\t\t\t<\/div>[\/vc_column][\/vc_row][vc_row type=&#8220;in_container&#8220; full_screen_row_position=&#8220;middle&#8220; equal_height=&#8220;yes&#8220; scene_position=&#8220;center&#8220; text_color=&#8220;dark&#8220; text_align=&#8220;left&#8220; overlay_strength=&#8220;0.3&#8243;][vc_column column_padding=&#8220;no-extra-padding&#8220; column_padding_position=&#8220;all&#8220; background_color_opacity=&#8220;1&#8243; background_hover_color_opacity=&#8220;1&#8243; column_shadow=&#8220;none&#8220; width=&#8220;1\/3&#8243; tablet_text_alignment=&#8220;default&#8220; phone_text_alignment=&#8220;default&#8220; column_border_width=&#8220;none&#8220; column_border_style=&#8220;solid&#8220;]<div class=\"img-with-aniamtion-wrap center\" data-max-width=\"100%\"><div class=\"inner\"><a href=\"https:\/\/8.villas\/de\/villa-sepoi-sepoi\/\" target=\"_self\" class=\"center\"><img data-shadow=\"none\" data-shadow-direction=\"middle\" class=\"img-with-animation \" data-delay=\"0\" height=\"1536\" width=\"2049\" data-animation=\"none\" src=\"https:\/\/8.villas\/de\/wp-content\/uploads\/sites\/2\/2016\/08\/04-Villa-Sepoi-Sepoi-View-from-pool-bale-back-to-the-villa.jpg\" srcset=\"https:\/\/8.villas\/de\/wp-content\/uploads\/sites\/2\/2016\/08\/04-Villa-Sepoi-Sepoi-View-from-pool-bale-back-to-the-villa.jpg 2049w, https:\/\/8.villas\/de\/wp-content\/uploads\/sites\/2\/2016\/08\/04-Villa-Sepoi-Sepoi-View-from-pool-bale-back-to-the-villa-300x225.jpg 300w, https:\/\/8.villas\/de\/wp-content\/uploads\/sites\/2\/2016\/08\/04-Villa-Sepoi-Sepoi-View-from-pool-bale-back-to-the-villa-768x576.jpg 768w, https:\/\/8.villas\/de\/wp-content\/uploads\/sites\/2\/2016\/08\/04-Villa-Sepoi-Sepoi-View-from-pool-bale-back-to-the-villa-1024x768.jpg 1024w\" alt=\"\" \/><\/a><\/div><\/div>\t<div class=\"wpb_text_column wpb_content_element \">\n\t\t<div class=\"wpb_wrapper\">\n\t\t\t<h2><a href=\"\/villa-sepoi-sepoi\/\" target=\"_self\">VILLA SEPOI SEPOI<\/a><\/h2>\n\t\t<\/div>\n\t<\/div>\n\n\t<div class=\"wpb_text_column wpb_content_element \">\n\t\t<div class=\"wpb_wrapper\">\n\t\t\t<h5>6Zi - Tanjung, North-West Lombok, Indonesia<br>Betten&nbsp;12: 1.080\u20ac \u2013 1.690\u20ac \/ Nacht<\/h5>\n\t\t<\/div>\n\t<\/div>\n[\/vc_column][vc_column column_padding=&#8220;no-extra-padding&#8220; column_padding_position=&#8220;all&#8220; background_color_opacity=&#8220;1&#8243; background_hover_color_opacity=&#8220;1&#8243; column_shadow=&#8220;none&#8220; width=&#8220;1\/3&#8243; tablet_text_alignment=&#8220;default&#8220; phone_text_alignment=&#8220;default&#8220; column_border_width=&#8220;none&#8220; column_border_style=&#8220;solid&#8220;]<div class=\"img-with-aniamtion-wrap center\" data-max-width=\"100%\"><div class=\"inner\"><a href=\"https:\/\/8.villas\/de\/villa-anandita\/\" target=\"_self\" class=\"center\"><img data-shadow=\"none\" data-shadow-direction=\"middle\" class=\"img-with-animation \" data-delay=\"0\" height=\"1536\" width=\"2049\" data-animation=\"none\" src=\"https:\/\/8.villas\/de\/wp-content\/uploads\/sites\/2\/2016\/08\/19-The-Anandita-Endless-white-sandy-beaches.jpg\" srcset=\"https:\/\/8.villas\/de\/wp-content\/uploads\/sites\/2\/2016\/08\/19-The-Anandita-Endless-white-sandy-beaches.jpg 2049w, https:\/\/8.villas\/de\/wp-content\/uploads\/sites\/2\/2016\/08\/19-The-Anandita-Endless-white-sandy-beaches-300x225.jpg 300w, https:\/\/8.villas\/de\/wp-content\/uploads\/sites\/2\/2016\/08\/19-The-Anandita-Endless-white-sandy-beaches-768x576.jpg 768w, https:\/\/8.villas\/de\/wp-content\/uploads\/sites\/2\/2016\/08\/19-The-Anandita-Endless-white-sandy-beaches-1024x768.jpg 1024w\" alt=\"\" \/><\/a><\/div><\/div>\t<div class=\"wpb_text_column wpb_content_element \">\n\t\t<div class=\"wpb_wrapper\">\n\t\t\t<h2><a href=\"\/villa-anandita\/\" target=\"_self\">THE ANANDITA<\/a><\/h2>\n\t\t<\/div>\n\t<\/div>\n\n\t<div class=\"wpb_text_column wpb_content_element \">\n\t\t<div class=\"wpb_wrapper\">\n\t\t\t<h5>4Zi - Tanjung, Bali, Indonesia<br>Betten&nbsp;8: 930\u20ac \u2013 1.500\u20ac \/ Nacht<\/h5>\n\t\t<\/div>\n\t<\/div>\n[\/vc_column][vc_column column_padding=&#8220;no-extra-padding&#8220; column_padding_position=&#8220;all&#8220; background_color_opacity=&#8220;1&#8243; background_hover_color_opacity=&#8220;1&#8243; column_shadow=&#8220;none&#8220; width=&#8220;1\/3&#8243; tablet_text_alignment=&#8220;default&#8220; phone_text_alignment=&#8220;default&#8220; column_border_width=&#8220;none&#8220; column_border_style=&#8220;solid&#8220;]<div class=\"img-with-aniamtion-wrap center\" data-max-width=\"100%\"><div class=\"inner\"><a href=\"https:\/\/8.villas\/de\/villa-sapi\/\" target=\"_self\" class=\"center\"><img data-shadow=\"none\" data-shadow-direction=\"middle\" class=\"img-with-animation \" data-delay=\"0\" height=\"1536\" width=\"2049\" data-animation=\"none\" src=\"https:\/\/8.villas\/de\/wp-content\/uploads\/sites\/2\/2016\/08\/02-Villa-Sapi-Pool-and-beach-view.jpg\" srcset=\"https:\/\/8.villas\/de\/wp-content\/uploads\/sites\/2\/2016\/08\/02-Villa-Sapi-Pool-and-beach-view.jpg 2049w, https:\/\/8.villas\/de\/wp-content\/uploads\/sites\/2\/2016\/08\/02-Villa-Sapi-Pool-and-beach-view-300x225.jpg 300w, https:\/\/8.villas\/de\/wp-content\/uploads\/sites\/2\/2016\/08\/02-Villa-Sapi-Pool-and-beach-view-768x576.jpg 768w, https:\/\/8.villas\/de\/wp-content\/uploads\/sites\/2\/2016\/08\/02-Villa-Sapi-Pool-and-beach-view-1024x768.jpg 1024w\" alt=\"\" \/><\/a><\/div><\/div>\t<div class=\"wpb_text_column wpb_content_element \">\n\t\t<div class=\"wpb_wrapper\">\n\t\t\t<h2><a href=\"\/villa-sapi\/\" target=\"_self\">VILLA SAPI<\/a><\/h2>\n\t\t<\/div>\n\t<\/div>\n\n\t<div class=\"wpb_text_column wpb_content_element \">\n\t\t<div class=\"wpb_wrapper\">\n\t\t\t<h5>5Zi - Tanjung, North-West Lombok, Indonesia<br>Betten&nbsp;10: 1.140\u20ac \u2013 1.680\u20ac \/ Nacht<\/h5>\n\t\t<\/div>\n\t<\/div>\n[\/vc_column][\/vc_row][vc_row type=&#8220;in_container&#8220; full_screen_row_position=&#8220;middle&#8220; scene_position=&#8220;center&#8220; text_color=&#8220;dark&#8220; text_align=&#8220;left&#8220; overlay_strength=&#8220;0.3&#8243;][vc_column column_padding=&#8220;no-extra-padding&#8220; column_padding_position=&#8220;all&#8220; background_color_opacity=&#8220;1&#8243; background_hover_color_opacity=&#8220;1&#8243; column_shadow=&#8220;none&#8220; width=&#8220;1\/1&#8243; tablet_text_alignment=&#8220;default&#8220; phone_text_alignment=&#8220;default&#8220; column_border_width=&#8220;none&#8220; column_border_style=&#8220;solid&#8220;][vc_custom_heading text=&#8220;Traumstr\u00e4nde, einsamen Buchten und unber\u00fchrte Natur&#8220; font_container=&#8220;tag:h2|text_align:center&#8220; google_fonts=&#8220;font_family:Open%20Sans%3A300%2C300italic%2Cregular%2Citalic%2C600%2C600italic%2C700%2C700italic%2C800%2C800italic|font_style:400%20regular%3A400%3Anormal&#8220;][carousel script=&#8220;owl_carousel&#8220; desktop_cols=&#8220;3&#8243; desktop_small_cols=&#8220;3&#8243; tablet_cols=&#8220;2&#8243; mobile_cols=&#8220;1&#8243; column_padding=&#8220;10px&#8220;][item id=&#8220;1493870212-1-100&#8243; tab_id=&#8220;1493870328327-5&#8243; title=&#8220;Item&#8220;][vc_column_text]\n<p style=\"text-align: blockquote;\">Wenn man Urlaub in Indonesien machen m\u00f6chte, muss man nicht immer nach Bali fliegen. Die Insel Lombok liegt neben Bali und ist doch ganz anders. Balis Nachbarinsel verzaubert mit Traumstr\u00e4nden und Vulkanpanorama, und ist ein wenig stiller als ihre ber\u00fchmte gro\u00dfe Schwester &#8211; das urspr\u00fcngliche Bali.<\/p>\n[\/vc_column_text][\/item][item id=&#8220;1493870212-2-27&#8243; tab_id=&#8220;1493870328651-4&#8243; title=&#8220;Item&#8220;][vc_column_text]\n<p style=\"text-align: blockquote;\">Im t\u00fcrkisblauen, klaren Meer zwischen Bali und Lombok liegen die kleinen Sch\u00e4tze &#8211; die Inseln Gili Trawangan, Gili Meno und Gili Air. Sie sind nur per Speedboot ab Bali und Lombok erreichbar. Kein Auto, keine lauten Mopeds st\u00f6ren die Ruhe.<\/p>\n[\/vc_column_text][\/item][item id=&#8220;1493870212-3-53&#8243; tab_id=&#8220;1493870328972-7&#8243; title=&#8220;Item&#8220;][vc_column_text]\n<p style=\"text-align: blockquote;\">Kilometerlange feine Sandstr\u00e4nde kennzeichnen den Westen und S\u00fcden der Insel Lombok. Gr\u00f6\u00dfte Badeorte sind Senggigi Beach und Kuta. Es herrschen dort beste Bedingungen f\u00fcr Surfer. Ruhiger geht es entlang der \u00fcbrigen K\u00fcste zu.<\/p>\n[\/vc_column_text][\/item][item title=&#8220;Item&#8220; id=&#8220;1493870844074-0-4&#8243; tab_id=&#8220;1493870844083-5&#8243;][vc_column_text]\n<p style=\"text-align: left;\">Hier warten einsame Buchten und Str\u00e4nde noch darauf entdeckt zu werden. Taucher finden hier farbenfrohe Koralleng\u00e4rten und Erholungssuchende ihre ganz pers\u00f6nliche Idylle.<\/p>\n[\/vc_column_text][\/item][item title=&#8220;Item&#8220; id=&#8220;1493870452433-0-4&#8243; tab_id=&#8220;1493870452445-7&#8243;][vc_column_text]\n<p style=\"text-align: blockquote;\">Das Inselinnere und der Norden mit seinem \u00fcppigen Dschungel, zauberhaften Wasserf\u00e4llen, Vulkanen und gr\u00fcnen Reisfeldern sind ein ausgesprochenes Paradies f\u00fcr Naturliebhaber, Wanderer und Radfahrer und laden zu einer Entdeckungsreise durch malerische traditionelle Sasak-D\u00f6rfer ein.<\/p>\n[\/vc_column_text][\/item][item title=&#8220;Item&#8220; id=&#8220;1493870499630-0-10&#8243; tab_id=&#8220;1493870499643-9&#8243;][vc_column_text]\n<p style=\"text-align: blockquote;\">Lombok fasziniert mit wei\u00dfen Traumstr\u00e4nden, einsamen Buchten und unber\u00fchrter Natur. Eine willkommene Abwechslung zu Bali fernab von Massentourismus und Partyleben. Kommen Sie und finden Sie den verborgenen Schatz.<\/p>\n[\/vc_column_text][\/item][\/carousel][\/vc_column][\/vc_row][vc_row type=&#8220;in_container&#8220; full_screen_row_position=&#8220;middle&#8220; scene_position=&#8220;center&#8220; text_color=&#8220;dark&#8220; text_align=&#8220;left&#8220; overlay_strength=&#8220;0.3&#8243;][vc_column column_padding=&#8220;no-extra-padding&#8220; column_padding_position=&#8220;all&#8220; background_color_opacity=&#8220;1&#8243; background_hover_color_opacity=&#8220;1&#8243; top_margin=&#8220;5&#8243; column_shadow=&#8220;none&#8220; width=&#8220;1\/1&#8243; tablet_text_alignment=&#8220;default&#8220; phone_text_alignment=&#8220;default&#8220; column_border_width=&#8220;none&#8220; column_border_style=&#8220;solid&#8220;][nectar_flip_box image_url_1=&#8220;10308&#8243; text_color=&#8220;light&#8220; icon_color=&#8220;Accent-Color&#8220; text_color_2=&#8220;dark&#8220; h_text_align=&#8220;left&#8220; v_text_align=&#8220;bottom&#8220; flip_direction=&#8220;horizontal-to-left&#8220; front_content=&#8220;Contact us today&#8220; min_height=&#8220;270&#8243;]\n<h5>We offer an exceptional service that will help you to find your perfect luxury retreat.<br \/>\nSo please tell us what you imagine: <a class=\"ex_link\" href=\"mailto:service@8.villas\" target=\"_blank\" rel=\"noopener noreferrer\">service@8.villas<\/a><\/h5>\n[\/nectar_flip_box][\/vc_column][\/vc_row][vc_row type=&#8220;in_container&#8220; full_screen_row_position=&#8220;middle&#8220; scene_position=&#8220;center&#8220; text_color=&#8220;dark&#8220; text_align=&#8220;left&#8220; overlay_strength=&#8220;0.3&#8243;][vc_column column_padding=&#8220;no-extra-padding&#8220; column_padding_position=&#8220;all&#8220; background_color_opacity=&#8220;1&#8243; background_hover_color_opacity=&#8220;1&#8243; column_shadow=&#8220;none&#8220; width=&#8220;1\/1&#8243; tablet_text_alignment=&#8220;default&#8220; phone_text_alignment=&#8220;default&#8220; column_border_width=&#8220;none&#8220; column_border_style=&#8220;solid&#8220;][carousel script=&#8220;owl_carousel&#8220; desktop_cols=&#8220;3&#8243; desktop_small_cols=&#8220;3&#8243; tablet_cols=&#8220;2&#8243; mobile_cols=&#8220;1&#8243; column_padding=&#8220;10px&#8220;][item id=&#8220;1493988046-1-29&#8243; tab_id=&#8220;1493988059116-3&#8243; title=&#8220;Item&#8220;][fancy_box image_url=&#8220;10006&#8243; color=&#8220;Accent-Color&#8220; link_url=&#8220;https:\/\/8.villas\/de\/bali\/&#8220; link_text=&#8220;Villen in Bali&#8220;]Bali[\/fancy_box][\/item][item id=&#8220;1493988046-2-82&#8243; tab_id=&#8220;1493988059555-7&#8243; title=&#8220;Item&#8220;][fancy_box image_url=&#8220;10010&#8243; color=&#8220;Accent-Color&#8220; link_url=&#8220;https:\/\/8.villas\/de\/phuket\/&#8220; link_text=&#8220;Villen in Phuket&#8220;]Phuket[\/fancy_box][\/item][item id=&#8220;1493988046-3-85&#8243; tab_id=&#8220;1493988059981-0&#8243; title=&#8220;Item&#8220;][fancy_box image_url=&#8220;10021&#8243; color=&#8220;Accent-Color&#8220; link_url=&#8220;https:\/\/8.villas\/de\/sri-lanka\/&#8220; link_text=&#8220;Villen in Sri Lanka&#8220;]Sri Lanka[\/fancy_box][\/item][\/carousel][\/vc_column][\/vc_row]\n","protected":false},"excerpt":{"rendered":"<p>[vc_row type=&#8220;in_container&#8220; full_screen_row_position=&#8220;middle&#8220; scene_position=&#8220;center&#8220; text_color=&#8220;dark&#8220; text_align=&#8220;left&#8220; overlay_strength=&#8220;0.3&#8243;][vc_column column_padding=&#8220;no-extra-padding&#8220; column_padding_position=&#8220;all&#8220; background_color_opacity=&#8220;1&#8243; background_hover_color_opacity=&#8220;1&#8243; column_shadow=&#8220;none&#8220; width=&#8220;1\/1&#8243; tablet_text_alignment=&#8220;default&#8220; phone_text_alignment=&#8220;default&#8220; column_border_width=&#8220;none&#8220; column_border_style=&#8220;solid&#8220;][\/vc_column][\/vc_row][vc_row type=&#8220;in_container&#8220; full_screen_row_position=&#8220;middle&#8220; equal_height=&#8220;yes&#8220; scene_position=&#8220;center&#8220; text_color=&#8220;dark&#8220; text_align=&#8220;left&#8220; overlay_strength=&#8220;0.3&#8243;][vc_column column_padding=&#8220;no-extra-padding&#8220; column_padding_position=&#8220;all&#8220; background_color_opacity=&#8220;1&#8243; background_hover_color_opacity=&#8220;1&#8243; column_shadow=&#8220;none&#8220; width=&#8220;1\/3&#8243;&#8230;<\/p>\n","protected":false},"author":1,"featured_media":0,"parent":0,"menu_order":0,"comment_status":"closed","ping_status":"closed","template":"","meta":[],"_links":{"self":[{"href":"https:\/\/8.villas\/de\/wp-json\/wp\/v2\/pages\/119"}],"collection":[{"href":"https:\/\/8.villas\/de\/wp-json\/wp\/v2\/pages"}],"about":[{"href":"https:\/\/8.villas\/de\/wp-json\/wp\/v2\/types\/page"}],"author":[{"embeddable":true,"href":"https:\/\/8.villas\/de\/wp-json\/wp\/v2\/users\/1"}],"replies":[{"embeddable":true,"href":"https:\/\/8.villas\/de\/wp-json\/wp\/v2\/comments?post=119"}],"version-history":[{"count":24,"href":"https:\/\/8.villas\/de\/wp-json\/wp\/v2\/pages\/119\/revisions"}],"predecessor-version":[{"id":10364,"href":"https:\/\/8.villas\/de\/wp-json\/wp\/v2\/pages\/119\/revisions\/10364"}],"wp:attachment":[{"href":"https:\/\/8.villas\/de\/wp-json\/wp\/v2\/media?parent=119"}],"curies":[{"name":"wp","href":"https:\/\/api.w.org\/{rel}","templated":true}]}}