{"id":2925,"date":"2016-08-24T18:23:22","date_gmt":"2016-08-24T18:23:22","guid":{"rendered":"https:\/\/8.villas\/?page_id=2925"},"modified":"2017-06-26T04:18:26","modified_gmt":"2017-06-26T04:18:26","slug":"barbados","status":"publish","type":"page","link":"https:\/\/8.villas\/de\/barbados\/","title":{"rendered":"Barbados"},"content":{"rendered":"[vc_row type=&#8220;in_container&#8220; full_screen_row_position=&#8220;middle&#8220; scene_position=&#8220;center&#8220; text_color=&#8220;dark&#8220; text_align=&#8220;left&#8220; overlay_strength=&#8220;0.3&#8243;][vc_column column_padding=&#8220;no-extra-padding&#8220; column_padding_position=&#8220;all&#8220; background_color_opacity=&#8220;1&#8243; background_hover_color_opacity=&#8220;1&#8243; column_shadow=&#8220;none&#8220; width=&#8220;1\/1&#8243; tablet_text_alignment=&#8220;default&#8220; phone_text_alignment=&#8220;default&#8220; column_border_width=&#8220;none&#8220; column_border_style=&#8220;solid&#8220;]<div style=\"height: 500px\"  data-transition=\"slide\" data-overall_style=\"classic\" data-flexible-height=\"\" data-animate-in-effect=\"none\" data-fullscreen=\"false\" data-button-sizing=\"regular\" data-button-styling=\"btn_with_count\" data-autorotate=\"\" data-parallax=\"false\" data-full-width=\"true\" class=\"nectar-slider-wrap \" id=\"ns-id-69d635e7a9f60\">\n\t\t\t<div style=\"height: 500px\" class=\"swiper-container\"  data-tho=\"auto\" data-tco=\"auto\" data-pho=\"auto\" data-pco=\"auto\" data-loop=\"false\" data-height=\"500\" data-min-height=\"\" data-arrows=\"false\" data-bullets=\"false\" data-bullet_style=\"see_through\" data-desktop-swipe=\"false\" data-settings=\"\">\n\t\t\t\t    <div class=\"swiper-wrapper\"><div class=\"swiper-slide\" data-bg-alignment=\"center\" data-color-scheme=\"light\" data-x-pos=\"left\" data-y-pos=\"middle\"> \n\t\t\t\t\t\t\t\t<div class=\"image-bg\" style=\"background-image: url(https:\/\/8.villas\/de\/wp-content\/uploads\/2016\/11\/barbados.jpg);\"> &nbsp; <\/div><div class=\"container\">\n\t\t\t\t\t\t\t\t\t<div class=\"content\"><h2>Barbados<\/h2><\/div>\n\t\t\t\t\t\t\t\t<\/div><!--\/container--><div class=\"video-texture \"> <span class=\"ie-fix\"><\/span> <\/div><\/div><!--\/swiper-slide--><\/div><div class=\"nectar-slider-loading \"> <span class=\"loading-icon none\">   <\/span> <\/div> <\/div> \n\t\t\t\t\n\t\t\t<\/div>[\/vc_column][\/vc_row][vc_row type=&#8220;in_container&#8220; full_screen_row_position=&#8220;middle&#8220; equal_height=&#8220;yes&#8220; scene_position=&#8220;center&#8220; text_color=&#8220;dark&#8220; text_align=&#8220;left&#8220; overlay_strength=&#8220;0.3&#8243;][vc_column column_padding=&#8220;no-extra-padding&#8220; column_padding_position=&#8220;all&#8220; background_color_opacity=&#8220;1&#8243; background_hover_color_opacity=&#8220;1&#8243; column_shadow=&#8220;none&#8220; width=&#8220;1\/3&#8243; tablet_text_alignment=&#8220;default&#8220; phone_text_alignment=&#8220;default&#8220; column_border_width=&#8220;none&#8220; column_border_style=&#8220;solid&#8220;]<div class=\"img-with-aniamtion-wrap center\" data-max-width=\"100%\"><div class=\"inner\"><a href=\"https:\/\/8.villas\/de\/calliaqua\/\" target=\"_self\" class=\"center\"><img data-shadow=\"none\" data-shadow-direction=\"middle\" class=\"img-with-animation \" data-delay=\"0\" height=\"402\" width=\"600\" data-animation=\"none\" src=\"https:\/\/8.villas\/de\/wp-content\/uploads\/sites\/2\/2016\/08\/region_gallery_calliaqua.jpg\" srcset=\"https:\/\/8.villas\/de\/wp-content\/uploads\/sites\/2\/2016\/08\/region_gallery_calliaqua.jpg 600w, https:\/\/8.villas\/de\/wp-content\/uploads\/sites\/2\/2016\/08\/region_gallery_calliaqua-300x201.jpg 300w\" alt=\"\" \/><\/a><\/div><\/div>\t<div class=\"wpb_text_column wpb_content_element \">\n\t\t<div class=\"wpb_wrapper\">\n\t\t\t<h2><a href=\"\/calliaqua\/\" target=\"_self\">CALLIAQUA<\/a><\/h2>\n\t\t<\/div>\n\t<\/div>\n\n\t<div class=\"wpb_text_column wpb_content_element \">\n\t\t<div class=\"wpb_wrapper\">\n\t\t\t<h5>5Zi - Barbados, Barbados<br>Betten&nbsp;10: 1.000\u20ac \u2013 2.190\u20ac \/ Nacht<\/h5>\n\t\t<\/div>\n\t<\/div>\n[\/vc_column][vc_column column_padding=&#8220;no-extra-padding&#8220; column_padding_position=&#8220;all&#8220; background_color_opacity=&#8220;1&#8243; background_hover_color_opacity=&#8220;1&#8243; column_shadow=&#8220;none&#8220; width=&#8220;1\/3&#8243; tablet_text_alignment=&#8220;default&#8220; phone_text_alignment=&#8220;default&#8220; column_border_width=&#8220;none&#8220; column_border_style=&#8220;solid&#8220;]<div class=\"img-with-aniamtion-wrap center\" data-max-width=\"100%\"><div class=\"inner\"><a href=\"https:\/\/8.villas\/de\/todmorden\/\" target=\"_self\" class=\"center\"><img data-shadow=\"none\" data-shadow-direction=\"middle\" class=\"img-with-animation \" data-delay=\"0\" height=\"402\" width=\"600\" data-animation=\"none\" src=\"https:\/\/8.villas\/de\/wp-content\/uploads\/sites\/2\/2016\/08\/region_gallery_todmorden.jpg\" srcset=\"https:\/\/8.villas\/de\/wp-content\/uploads\/sites\/2\/2016\/08\/region_gallery_todmorden.jpg 600w, https:\/\/8.villas\/de\/wp-content\/uploads\/sites\/2\/2016\/08\/region_gallery_todmorden-300x201.jpg 300w\" alt=\"\" \/><\/a><\/div><\/div>\t<div class=\"wpb_text_column wpb_content_element \">\n\t\t<div class=\"wpb_wrapper\">\n\t\t\t<h2><a href=\"\/todmorden\/\" target=\"_self\">TODMORDEN<\/a><\/h2>\n\t\t<\/div>\n\t<\/div>\n\n\t<div class=\"wpb_text_column wpb_content_element \">\n\t\t<div class=\"wpb_wrapper\">\n\t\t\t<h5>3Zi - Barbados, Barbados<br>Betten&nbsp;6: 510\u20ac \u2013 1.130\u20ac \/ Nacht<\/h5>\n\t\t<\/div>\n\t<\/div>\n[\/vc_column][vc_column column_padding=&#8220;no-extra-padding&#8220; column_padding_position=&#8220;all&#8220; background_color_opacity=&#8220;1&#8243; background_hover_color_opacity=&#8220;1&#8243; column_shadow=&#8220;none&#8220; width=&#8220;1\/3&#8243; tablet_text_alignment=&#8220;default&#8220; phone_text_alignment=&#8220;default&#8220; column_border_width=&#8220;none&#8220; column_border_style=&#8220;solid&#8220;]<div class=\"img-with-aniamtion-wrap center\" data-max-width=\"100%\"><div class=\"inner\"><a href=\"https:\/\/8.villas\/de\/tradewinds\/\" target=\"_self\" class=\"center\"><img data-shadow=\"none\" data-shadow-direction=\"middle\" class=\"img-with-animation \" data-delay=\"0\" height=\"402\" width=\"600\" data-animation=\"none\" src=\"https:\/\/8.villas\/de\/wp-content\/uploads\/sites\/2\/2016\/08\/region_gallery_tradewinds.jpg\" srcset=\"https:\/\/8.villas\/de\/wp-content\/uploads\/sites\/2\/2016\/08\/region_gallery_tradewinds.jpg 600w, https:\/\/8.villas\/de\/wp-content\/uploads\/sites\/2\/2016\/08\/region_gallery_tradewinds-300x201.jpg 300w\" alt=\"\" \/><\/a><\/div><\/div>\t<div class=\"wpb_text_column wpb_content_element \">\n\t\t<div class=\"wpb_wrapper\">\n\t\t\t<h2><a href=\"\/tradewinds\/\" target=\"_self\">TRADEWINDS<\/a><\/h2>\n\t\t<\/div>\n\t<\/div>\n\n\t<div class=\"wpb_text_column wpb_content_element \">\n\t\t<div class=\"wpb_wrapper\">\n\t\t\t<h5>5Zi - Barbados, Barbados<br>Betten&nbsp;10: 2.620\u20ac \u2013 4.190\u20ac \/ Nacht<\/h5>\n\t\t<\/div>\n\t<\/div>\n[\/vc_column][\/vc_row][vc_row type=&#8220;in_container&#8220; full_screen_row_position=&#8220;middle&#8220; scene_position=&#8220;center&#8220; text_color=&#8220;dark&#8220; text_align=&#8220;left&#8220; overlay_strength=&#8220;0.3&#8243;][vc_column column_padding=&#8220;no-extra-padding&#8220; column_padding_position=&#8220;all&#8220; background_color_opacity=&#8220;1&#8243; background_hover_color_opacity=&#8220;1&#8243; column_shadow=&#8220;none&#8220; width=&#8220;1\/1&#8243; tablet_text_alignment=&#8220;default&#8220; phone_text_alignment=&#8220;default&#8220; column_border_width=&#8220;none&#8220; column_border_style=&#8220;solid&#8220;][vc_custom_heading text=&#8220;Hier verbringen Sie entspannte Urlaubstage&#8220; font_container=&#8220;tag:h2|text_align:center&#8220; google_fonts=&#8220;font_family:Open%20Sans%3A300%2C300italic%2Cregular%2Citalic%2C600%2C600italic%2C700%2C700italic%2C800%2C800italic|font_style:400%20regular%3A400%3Anormal&#8220;][carousel script=&#8220;owl_carousel&#8220; desktop_cols=&#8220;3&#8243; desktop_small_cols=&#8220;3&#8243; tablet_cols=&#8220;2&#8243; mobile_cols=&#8220;1&#8243; column_padding=&#8220;10px&#8220;][item id=&#8220;1497510392-1-95&#8243; tab_id=&#8220;1497510419096-7&#8243; title=&#8220;Item&#8220;][vc_column_text]Barbados ist die \u00f6stlichste Insel der Kleinen Antillen und wird aufgrund ihres britischen Charakters manchmal auch &#8222;Little England&#8220; genannt. Der Ursprung als Korallenriff spiegelt sich in traumhaften Str\u00e4nden mit feinem wei\u00dfem Sand wieder, die sich an einem klaren, t\u00fcrkischen Meer erstrecken.[\/vc_column_text][\/item][item id=&#8220;1497510392-2-80&#8243; tab_id=&#8220;1497510419484-0&#8243; title=&#8220;Item&#8220;][vc_column_text]Korallenriffe umgeben Barbados K\u00fcste und erm\u00f6glichen ausgezeichnetes Schnorcheln und Tauchen in vielen H\u00f6hlen und unterirdischen Seen. Diese liefern hervorragendes Trinkwasser, das zu dem Reinsten der Welt geh\u00f6rt.[\/vc_column_text][\/item][item id=&#8220;1497510392-3-44&#8243; tab_id=&#8220;1497510419861-1&#8243; title=&#8220;Item&#8220;][vc_column_text]Entlang der Ostk\u00fcste bl\u00e4st ein konstanter und starker Wind, der ein tolles Surfgebiet mit perfekten Wellen bietet. Es gibt auf Barbados f\u00fcr jeden Geschmack etwas. Hier finden Sie viel Kunst, Aktivit\u00e4ten, Nachtleben, Musik, Geschichte und einige der besten Restaurants.[\/vc_column_text][\/item][item title=&#8220;Item&#8220; id=&#8220;1497510512925-0-6&#8243; tab_id=&#8220;1497510512933-7&#8243;][vc_column_text]Aber der Grund, warum so viele Besucher immer wieder auf die Insel zur\u00fcckkehren, sind die Leute. Barbadier geben Ihnen das Gef\u00fchl willkommen und besonders zu sein, auf dieser sch\u00f6nen karibischen Insel. Hier verbringen Sie entspannte Urlaubstage in einer Umgebung, die mit t\u00fcrkisblauem Wasser, strahlendem Sonnenschein, Palmen, bl\u00fchenden Str\u00e4uchern und exotischen Blumen der Vorstellung vom Paradies nahekommt.[\/vc_column_text][\/item][\/carousel][\/vc_column][\/vc_row][vc_row type=&#8220;in_container&#8220; full_screen_row_position=&#8220;middle&#8220; equal_height=&#8220;yes&#8220; scene_position=&#8220;center&#8220; text_color=&#8220;dark&#8220; text_align=&#8220;left&#8220; overlay_strength=&#8220;0.3&#8243;][vc_column column_padding=&#8220;no-extra-padding&#8220; column_padding_position=&#8220;all&#8220; background_color_opacity=&#8220;1&#8243; background_hover_color_opacity=&#8220;1&#8243; column_shadow=&#8220;none&#8220; width=&#8220;1\/3&#8243; tablet_text_alignment=&#8220;default&#8220; phone_text_alignment=&#8220;default&#8220; column_border_width=&#8220;none&#8220; column_border_style=&#8220;solid&#8220;]<div class=\"img-with-aniamtion-wrap center\" data-max-width=\"100%\"><div class=\"inner\"><a href=\"https:\/\/8.villas\/de\/coral-house\/\" target=\"_self\" class=\"center\"><img data-shadow=\"none\" data-shadow-direction=\"middle\" class=\"img-with-animation \" data-delay=\"0\" height=\"402\" width=\"600\" data-animation=\"none\" src=\"https:\/\/8.villas\/de\/wp-content\/uploads\/sites\/2\/2016\/08\/region_gallery_coralhouse.jpg\" srcset=\"https:\/\/8.villas\/de\/wp-content\/uploads\/sites\/2\/2016\/08\/region_gallery_coralhouse.jpg 600w, https:\/\/8.villas\/de\/wp-content\/uploads\/sites\/2\/2016\/08\/region_gallery_coralhouse-300x201.jpg 300w\" alt=\"\" \/><\/a><\/div><\/div>\t<div class=\"wpb_text_column wpb_content_element \">\n\t\t<div class=\"wpb_wrapper\">\n\t\t\t<h2><a href=\"\/coral-house\/\" target=\"_self\">CORAL HOUSE<\/a><\/h2>\n\t\t<\/div>\n\t<\/div>\n\n\t<div class=\"wpb_text_column wpb_content_element \">\n\t\t<div class=\"wpb_wrapper\">\n\t\t\t<h5>4Zi - Barbados, Barbados<br>Betten&nbsp;8: 630\u20ac \u2013 1.560\u20ac \/ Nacht<\/h5>\n\t\t<\/div>\n\t<\/div>\n[\/vc_column][vc_column column_padding=&#8220;no-extra-padding&#8220; column_padding_position=&#8220;all&#8220; background_color_opacity=&#8220;1&#8243; background_hover_color_opacity=&#8220;1&#8243; column_shadow=&#8220;none&#8220; width=&#8220;1\/3&#8243; tablet_text_alignment=&#8220;default&#8220; phone_text_alignment=&#8220;default&#8220; column_border_width=&#8220;none&#8220; column_border_style=&#8220;solid&#8220;]<div class=\"img-with-aniamtion-wrap center\" data-max-width=\"100%\"><div class=\"inner\"><a href=\"https:\/\/8.villas\/de\/oceans-edge\/\" target=\"_self\" class=\"center\"><img data-shadow=\"none\" data-shadow-direction=\"middle\" class=\"img-with-animation \" data-delay=\"0\" height=\"402\" width=\"600\" data-animation=\"none\" src=\"https:\/\/8.villas\/de\/wp-content\/uploads\/sites\/2\/2016\/08\/region_gallery_oceansedge.jpg\" srcset=\"https:\/\/8.villas\/de\/wp-content\/uploads\/sites\/2\/2016\/08\/region_gallery_oceansedge.jpg 600w, https:\/\/8.villas\/de\/wp-content\/uploads\/sites\/2\/2016\/08\/region_gallery_oceansedge-300x201.jpg 300w\" alt=\"\" \/><\/a><\/div><\/div>\t<div class=\"wpb_text_column wpb_content_element \">\n\t\t<div class=\"wpb_wrapper\">\n\t\t\t<h2><a href=\"\/oceans-edge\/\" target=\"_self\">OCEANS EDGE<\/a><\/h2>\n\t\t<\/div>\n\t<\/div>\n\n\t<div class=\"wpb_text_column wpb_content_element \">\n\t\t<div class=\"wpb_wrapper\">\n\t\t\t<h5>3Zi - Barbados, Barbados<br>Betten&nbsp;6<\/h5>\n\t\t<\/div>\n\t<\/div>\n[\/vc_column][vc_column column_padding=&#8220;no-extra-padding&#8220; column_padding_position=&#8220;all&#8220; background_color_opacity=&#8220;1&#8243; background_hover_color_opacity=&#8220;1&#8243; column_shadow=&#8220;none&#8220; width=&#8220;1\/3&#8243; tablet_text_alignment=&#8220;default&#8220; phone_text_alignment=&#8220;default&#8220; column_border_width=&#8220;none&#8220; column_border_style=&#8220;solid&#8220;]<div class=\"img-with-aniamtion-wrap center\" data-max-width=\"100%\"><div class=\"inner\"><a href=\"https:\/\/8.villas\/de\/fig-tree-house\/\" target=\"_self\" class=\"center\"><img data-shadow=\"none\" data-shadow-direction=\"middle\" class=\"img-with-animation \" data-delay=\"0\" height=\"402\" width=\"600\" data-animation=\"none\" src=\"https:\/\/8.villas\/de\/wp-content\/uploads\/sites\/2\/2016\/08\/region_gallery_figtreehouse.jpg\" srcset=\"https:\/\/8.villas\/de\/wp-content\/uploads\/sites\/2\/2016\/08\/region_gallery_figtreehouse.jpg 600w, https:\/\/8.villas\/de\/wp-content\/uploads\/sites\/2\/2016\/08\/region_gallery_figtreehouse-300x201.jpg 300w\" alt=\"\" \/><\/a><\/div><\/div>\t<div class=\"wpb_text_column wpb_content_element \">\n\t\t<div class=\"wpb_wrapper\">\n\t\t\t<h2><a href=\"\/fig-tree-house\/\" target=\"_self\">FIG TREE HOUSE<\/a><\/h2>\n\t\t<\/div>\n\t<\/div>\n\n\t<div class=\"wpb_text_column wpb_content_element \">\n\t\t<div class=\"wpb_wrapper\">\n\t\t\t<h5>4Zi - Barbados, Barbados<br>Betten&nbsp;8: 1.000\u20ac \u2013 1.420\u20ac \/ Nacht<\/h5>\n\t\t<\/div>\n\t<\/div>\n[\/vc_column][\/vc_row][vc_row type=&#8220;in_container&#8220; full_screen_row_position=&#8220;middle&#8220; equal_height=&#8220;yes&#8220; scene_position=&#8220;center&#8220; text_color=&#8220;dark&#8220; text_align=&#8220;left&#8220; overlay_strength=&#8220;0.3&#8243;][vc_column column_padding=&#8220;no-extra-padding&#8220; column_padding_position=&#8220;all&#8220; background_color_opacity=&#8220;1&#8243; background_hover_color_opacity=&#8220;1&#8243; top_margin=&#8220;5&#8243; column_shadow=&#8220;none&#8220; width=&#8220;2\/3&#8243; tablet_text_alignment=&#8220;default&#8220; phone_text_alignment=&#8220;default&#8220; column_border_width=&#8220;none&#8220; column_border_style=&#8220;solid&#8220;][nectar_flip_box image_url_1=&#8220;10298&#8243; text_color=&#8220;light&#8220; icon_color=&#8220;Accent-Color&#8220; text_color_2=&#8220;dark&#8220; h_text_align=&#8220;left&#8220; v_text_align=&#8220;bottom&#8220; flip_direction=&#8220;horizontal-to-left&#8220; front_content=&#8220;Contact us today&#8220; min_height=&#8220;270&#8243;]\n<h5>We offer an exceptional service that will help you to find your perfect luxury retreat.<br \/>\nSo please tell us what you imagine: <a class=\"ex_link\" href=\"mailto:service@8.villas\" target=\"_blank\" rel=\"noopener noreferrer\">service@8.villas<\/a><\/h5>\n[\/nectar_flip_box][\/vc_column][vc_column column_padding=&#8220;no-extra-padding&#8220; column_padding_position=&#8220;all&#8220; background_color_opacity=&#8220;1&#8243; background_hover_color_opacity=&#8220;1&#8243; column_shadow=&#8220;none&#8220; width=&#8220;1\/3&#8243; tablet_text_alignment=&#8220;default&#8220; phone_text_alignment=&#8220;default&#8220; column_border_width=&#8220;none&#8220; column_border_style=&#8220;solid&#8220;]<div class=\"img-with-aniamtion-wrap center\" data-max-width=\"100%\"><div class=\"inner\"><a href=\"https:\/\/8.villas\/de\/oceana-at-sugar-hill\/\" target=\"_self\" class=\"center\"><img data-shadow=\"none\" data-shadow-direction=\"middle\" class=\"img-with-animation \" data-delay=\"0\" height=\"402\" width=\"600\" data-animation=\"none\" src=\"https:\/\/8.villas\/de\/wp-content\/uploads\/sites\/2\/2016\/08\/region_gallery_oceana-1.jpg\" srcset=\"https:\/\/8.villas\/de\/wp-content\/uploads\/sites\/2\/2016\/08\/region_gallery_oceana-1.jpg 600w, https:\/\/8.villas\/de\/wp-content\/uploads\/sites\/2\/2016\/08\/region_gallery_oceana-1-300x201.jpg 300w\" alt=\"\" \/><\/a><\/div><\/div>\t<div class=\"wpb_text_column wpb_content_element \">\n\t\t<div class=\"wpb_wrapper\">\n\t\t\t<h2><a href=\"\/oceana-at-sugar-hill\/\" target=\"_self\">OCEANA AT SUGAR HILL<\/a><\/h2>\n\t\t<\/div>\n\t<\/div>\n\n\t<div class=\"wpb_text_column wpb_content_element \">\n\t\t<div class=\"wpb_wrapper\">\n\t\t\t<h5>4Zi - Barbados, Barbados<br>Betten&nbsp;8: 1.350\u20ac \u2013 1.900\u20ac \/ Nacht<\/h5>\n\t\t<\/div>\n\t<\/div>\n[\/vc_column][\/vc_row][vc_row type=&#8220;in_container&#8220; full_screen_row_position=&#8220;middle&#8220; scene_position=&#8220;center&#8220; text_color=&#8220;dark&#8220; text_align=&#8220;left&#8220; overlay_strength=&#8220;0.3&#8243;][vc_column column_padding=&#8220;no-extra-padding&#8220; column_padding_position=&#8220;all&#8220; background_color_opacity=&#8220;1&#8243; background_hover_color_opacity=&#8220;1&#8243; column_shadow=&#8220;none&#8220; width=&#8220;1\/1&#8243; tablet_text_alignment=&#8220;default&#8220; phone_text_alignment=&#8220;default&#8220; column_border_width=&#8220;none&#8220; column_border_style=&#8220;solid&#8220;][carousel script=&#8220;owl_carousel&#8220; desktop_cols=&#8220;4&#8243; desktop_small_cols=&#8220;3&#8243; tablet_cols=&#8220;2&#8243; mobile_cols=&#8220;1&#8243; column_padding=&#8220;5px&#8220;][item id=&#8220;1493991557-1-28&#8243; tab_id=&#8220;1493992005437-10&#8243; title=&#8220;Item&#8220;][fancy_box image_url=&#8220;10038&#8243; color=&#8220;Accent-Color&#8220; link_url=&#8220;https:\/\/8.villas\/de\/st-barth\/&#8220; link_text=&#8220;Villen in Saint Barth&#8220;]Saint Barth[\/fancy_box][\/item][item id=&#8220;1493991557-2-75&#8243; tab_id=&#8220;1493992005784-8&#8243; title=&#8220;Item&#8220;][fancy_box image_url=&#8220;10033&#8243; color=&#8220;Accent-Color&#8220; link_url=&#8220;https:\/\/8.villas\/de\/st-martin\/&#8220; link_text=&#8220;Villen in Saint Martin&#8220;]Saint Martin[\/fancy_box][\/item][item id=&#8220;1493991557-3-26&#8243; tab_id=&#8220;1493992006132-3&#8243; title=&#8220;Item&#8220;][fancy_box image_url=&#8220;10035&#8243; color=&#8220;Accent-Color&#8220; link_url=&#8220;https:\/\/8.villas\/de\/st-lucia\/&#8220; link_text=&#8220;Villen in Saint Lucia&#8220;]Saint Lucia[\/fancy_box][\/item][item title=&#8220;Item&#8220; id=&#8220;1493992476516-0-7&#8243; tab_id=&#8220;1493992476526-10&#8243;][fancy_box image_url=&#8220;10036&#8243; color=&#8220;Accent-Color&#8220; link_url=&#8220;https:\/\/8.villas\/de\/jamaika\/&#8220; link_text=&#8220;Villen in Jamaika&#8220;]Jamaika[\/fancy_box][\/item][\/carousel][\/vc_column][\/vc_row]\n","protected":false},"excerpt":{"rendered":"<p>[vc_row type=&#8220;in_container&#8220; full_screen_row_position=&#8220;middle&#8220; scene_position=&#8220;center&#8220; text_color=&#8220;dark&#8220; text_align=&#8220;left&#8220; overlay_strength=&#8220;0.3&#8243;][vc_column column_padding=&#8220;no-extra-padding&#8220; column_padding_position=&#8220;all&#8220; background_color_opacity=&#8220;1&#8243; background_hover_color_opacity=&#8220;1&#8243; column_shadow=&#8220;none&#8220; width=&#8220;1\/1&#8243; tablet_text_alignment=&#8220;default&#8220; phone_text_alignment=&#8220;default&#8220; column_border_width=&#8220;none&#8220; column_border_style=&#8220;solid&#8220;][\/vc_column][\/vc_row][vc_row type=&#8220;in_container&#8220; full_screen_row_position=&#8220;middle&#8220; equal_height=&#8220;yes&#8220; scene_position=&#8220;center&#8220; text_color=&#8220;dark&#8220; text_align=&#8220;left&#8220; overlay_strength=&#8220;0.3&#8243;][vc_column column_padding=&#8220;no-extra-padding&#8220; column_padding_position=&#8220;all&#8220; background_color_opacity=&#8220;1&#8243; background_hover_color_opacity=&#8220;1&#8243; column_shadow=&#8220;none&#8220; width=&#8220;1\/3&#8243;&#8230;<\/p>\n","protected":false},"author":2,"featured_media":0,"parent":0,"menu_order":0,"comment_status":"closed","ping_status":"closed","template":"","meta":[],"_links":{"self":[{"href":"https:\/\/8.villas\/de\/wp-json\/wp\/v2\/pages\/2925"}],"collection":[{"href":"https:\/\/8.villas\/de\/wp-json\/wp\/v2\/pages"}],"about":[{"href":"https:\/\/8.villas\/de\/wp-json\/wp\/v2\/types\/page"}],"author":[{"embeddable":true,"href":"https:\/\/8.villas\/de\/wp-json\/wp\/v2\/users\/2"}],"replies":[{"embeddable":true,"href":"https:\/\/8.villas\/de\/wp-json\/wp\/v2\/comments?post=2925"}],"version-history":[{"count":31,"href":"https:\/\/8.villas\/de\/wp-json\/wp\/v2\/pages\/2925\/revisions"}],"predecessor-version":[{"id":10375,"href":"https:\/\/8.villas\/de\/wp-json\/wp\/v2\/pages\/2925\/revisions\/10375"}],"wp:attachment":[{"href":"https:\/\/8.villas\/de\/wp-json\/wp\/v2\/media?parent=2925"}],"curies":[{"name":"wp","href":"https:\/\/api.w.org\/{rel}","templated":true}]}}