{"id":3055,"date":"2016-08-24T20:37:58","date_gmt":"2016-08-24T20:37:58","guid":{"rendered":"https:\/\/8.villas\/?page_id=3055"},"modified":"2017-06-25T03:59:11","modified_gmt":"2017-06-25T03:59:11","slug":"st-lucia","status":"publish","type":"page","link":"https:\/\/8.villas\/de\/st-lucia\/","title":{"rendered":"St. Lucia"},"content":{"rendered":"[vc_row type=&#8220;in_container&#8220; full_screen_row_position=&#8220;middle&#8220; scene_position=&#8220;center&#8220; text_color=&#8220;dark&#8220; text_align=&#8220;left&#8220; overlay_strength=&#8220;0.3&#8243;][vc_column column_padding=&#8220;no-extra-padding&#8220; column_padding_position=&#8220;all&#8220; background_color_opacity=&#8220;1&#8243; background_hover_color_opacity=&#8220;1&#8243; column_shadow=&#8220;none&#8220; width=&#8220;1\/1&#8243; tablet_text_alignment=&#8220;default&#8220; phone_text_alignment=&#8220;default&#8220; column_border_width=&#8220;none&#8220; column_border_style=&#8220;solid&#8220;]<div style=\"height: 500px\"  data-transition=\"slide\" data-overall_style=\"classic\" data-flexible-height=\"\" data-animate-in-effect=\"none\" data-fullscreen=\"false\" data-button-sizing=\"regular\" data-button-styling=\"btn_with_count\" data-autorotate=\"\" data-parallax=\"false\" data-full-width=\"true\" class=\"nectar-slider-wrap \" id=\"ns-id-69d61a094775e\">\n\t\t\t<div style=\"height: 500px\" class=\"swiper-container\"  data-tho=\"auto\" data-tco=\"auto\" data-pho=\"auto\" data-pco=\"auto\" data-loop=\"false\" data-height=\"500\" data-min-height=\"\" data-arrows=\"false\" data-bullets=\"false\" data-bullet_style=\"see_through\" data-desktop-swipe=\"false\" data-settings=\"\">\n\t\t\t\t    <div class=\"swiper-wrapper\"><div class=\"swiper-slide\" data-bg-alignment=\"center\" data-color-scheme=\"light\" data-x-pos=\"left\" data-y-pos=\"middle\"> \n\t\t\t\t\t\t\t\t<div class=\"image-bg\" style=\"background-image: url(https:\/\/8.villas\/de\/wp-content\/uploads\/2016\/11\/st-lucia-1.jpg);\"> &nbsp; <\/div><div class=\"container\">\n\t\t\t\t\t\t\t\t\t<div class=\"content\"><h2>St. Lucia<\/h2><\/div>\n\t\t\t\t\t\t\t\t<\/div><!--\/container--><div class=\"video-texture \"> <span class=\"ie-fix\"><\/span> <\/div><\/div><!--\/swiper-slide--><\/div><div class=\"nectar-slider-loading \"> <span class=\"loading-icon none\">   <\/span> <\/div> <\/div> \n\t\t\t\t\n\t\t\t<\/div>[\/vc_column][\/vc_row][vc_row type=&#8220;in_container&#8220; full_screen_row_position=&#8220;middle&#8220; equal_height=&#8220;yes&#8220; content_placement=&#8220;middle&#8220; scene_position=&#8220;center&#8220; text_color=&#8220;dark&#8220; text_align=&#8220;left&#8220; overlay_strength=&#8220;0.3&#8243;][vc_column column_padding=&#8220;no-extra-padding&#8220; column_padding_position=&#8220;all&#8220; background_color_opacity=&#8220;1&#8243; background_hover_color_opacity=&#8220;1&#8243; column_shadow=&#8220;none&#8220; width=&#8220;1\/3&#8243; tablet_text_alignment=&#8220;default&#8220; phone_text_alignment=&#8220;default&#8220; column_border_width=&#8220;none&#8220; column_border_style=&#8220;solid&#8220;]<div class=\"img-with-aniamtion-wrap center\" data-max-width=\"100%\"><div class=\"inner\"><a href=\"https:\/\/8.villas\/de\/saline-reef\/\" target=\"_self\" class=\"center\"><img data-shadow=\"none\" data-shadow-direction=\"middle\" class=\"img-with-animation \" data-delay=\"0\" height=\"341\" width=\"637\" data-animation=\"none\" src=\"https:\/\/8.villas\/de\/wp-content\/uploads\/sites\/2\/2016\/08\/menu_saline-reef.jpg\" srcset=\"https:\/\/8.villas\/de\/wp-content\/uploads\/sites\/2\/2016\/08\/menu_saline-reef.jpg 637w, https:\/\/8.villas\/de\/wp-content\/uploads\/sites\/2\/2016\/08\/menu_saline-reef-300x161.jpg 300w\" alt=\"\" \/><\/a><\/div><\/div>\t<div class=\"wpb_text_column wpb_content_element \">\n\t\t<div class=\"wpb_wrapper\">\n\t\t\t<h2><a href=\"\/saline-reef\/\" target=\"_self\">SALINE REEF<\/a><\/h2>\n\t\t<\/div>\n\t<\/div>\n\n\t<div class=\"wpb_text_column wpb_content_element \">\n\t\t<div class=\"wpb_wrapper\">\n\t\t\t<h5>3Zi - Saint Lucia<br>Betten&nbsp;6: 540\u20ac \u2013 1.650\u20ac \/ Nacht<\/h5>\n\t\t<\/div>\n\t<\/div>\n[\/vc_column][vc_column column_padding=&#8220;no-extra-padding&#8220; column_padding_position=&#8220;all&#8220; background_color_opacity=&#8220;1&#8243; background_hover_color_opacity=&#8220;1&#8243; column_shadow=&#8220;none&#8220; width=&#8220;1\/3&#8243; tablet_text_alignment=&#8220;default&#8220; phone_text_alignment=&#8220;default&#8220; column_border_width=&#8220;none&#8220; column_border_style=&#8220;solid&#8220;]<div class=\"img-with-aniamtion-wrap center\" data-max-width=\"100%\"><div class=\"inner\"><a href=\"https:\/\/8.villas\/de\/tamarind-house\/\" target=\"_self\" class=\"center\"><img data-shadow=\"none\" data-shadow-direction=\"middle\" class=\"img-with-animation \" data-delay=\"0\" height=\"341\" width=\"637\" data-animation=\"none\" src=\"https:\/\/8.villas\/de\/wp-content\/uploads\/sites\/2\/2016\/08\/menu_tamarind.jpg\" srcset=\"https:\/\/8.villas\/de\/wp-content\/uploads\/sites\/2\/2016\/08\/menu_tamarind.jpg 637w, https:\/\/8.villas\/de\/wp-content\/uploads\/sites\/2\/2016\/08\/menu_tamarind-300x161.jpg 300w\" alt=\"\" \/><\/a><\/div><\/div>\t<div class=\"wpb_text_column wpb_content_element \">\n\t\t<div class=\"wpb_wrapper\">\n\t\t\t<h2><a href=\"\/tamarind-house\/\" target=\"_self\">TAMARIND HOUSE<\/a><\/h2>\n\t\t<\/div>\n\t<\/div>\n\n\t<div class=\"wpb_text_column wpb_content_element \">\n\t\t<div class=\"wpb_wrapper\">\n\t\t\t<h5>3Zi - Saint Lucia<br>Betten&nbsp;6: 370\u20ac \u2013 1.240\u20ac \/ Nacht<\/h5>\n\t\t<\/div>\n\t<\/div>\n[\/vc_column][vc_column column_padding=&#8220;no-extra-padding&#8220; column_padding_position=&#8220;all&#8220; background_color_opacity=&#8220;1&#8243; background_hover_color_opacity=&#8220;1&#8243; column_shadow=&#8220;none&#8220; width=&#8220;1\/3&#8243; tablet_text_alignment=&#8220;default&#8220; phone_text_alignment=&#8220;default&#8220; column_border_width=&#8220;none&#8220; column_border_style=&#8220;solid&#8220;]<div class=\"img-with-aniamtion-wrap center\" data-max-width=\"100%\"><div class=\"inner\"><a href=\"https:\/\/8.villas\/de\/ashiana-villa\/\" target=\"_self\" class=\"center\"><img data-shadow=\"none\" data-shadow-direction=\"middle\" class=\"img-with-animation \" data-delay=\"0\" height=\"341\" width=\"637\" data-animation=\"none\" src=\"https:\/\/8.villas\/de\/wp-content\/uploads\/sites\/2\/2016\/08\/menu_ashiana.jpg\" srcset=\"https:\/\/8.villas\/de\/wp-content\/uploads\/sites\/2\/2016\/08\/menu_ashiana.jpg 637w, https:\/\/8.villas\/de\/wp-content\/uploads\/sites\/2\/2016\/08\/menu_ashiana-300x161.jpg 300w\" alt=\"\" \/><\/a><\/div><\/div>\t<div class=\"wpb_text_column wpb_content_element \">\n\t\t<div class=\"wpb_wrapper\">\n\t\t\t<h2><a href=\"\/ashiana-villa\/\" target=\"_self\">ASHIANA VILLA<\/a><\/h2>\n\t\t<\/div>\n\t<\/div>\n\n\t<div class=\"wpb_text_column wpb_content_element \">\n\t\t<div class=\"wpb_wrapper\">\n\t\t\t<h5>5Zi - Saint Lucia<br>Betten&nbsp;10: 540\u20ac \u2013 1.460\u20ac \/ Nacht<\/h5>\n\t\t<\/div>\n\t<\/div>\n[\/vc_column][\/vc_row][vc_row type=&#8220;in_container&#8220; full_screen_row_position=&#8220;middle&#8220; scene_position=&#8220;center&#8220; text_color=&#8220;dark&#8220; text_align=&#8220;left&#8220; overlay_strength=&#8220;0.3&#8243;][vc_column column_padding=&#8220;no-extra-padding&#8220; column_padding_position=&#8220;all&#8220; background_color_opacity=&#8220;1&#8243; background_hover_color_opacity=&#8220;1&#8243; column_shadow=&#8220;none&#8220; width=&#8220;1\/1&#8243; tablet_text_alignment=&#8220;default&#8220; phone_text_alignment=&#8220;default&#8220; column_border_width=&#8220;none&#8220; column_border_style=&#8220;solid&#8220;][vc_custom_heading text=&#8220;Die Karibikinsel Saint Lucia ist ein magischer Ort f\u00fcr alle Sinne &#8211; sp\u00fcren, riechen, schmecken, sehen und h\u00f6ren Sie sie&#8220; font_container=&#8220;tag:h2|text_align:center&#8220; google_fonts=&#8220;font_family:Open%20Sans%3A300%2C300italic%2Cregular%2Citalic%2C600%2C600italic%2C700%2C700italic%2C800%2C800italic|font_style:400%20regular%3A400%3Anormal&#8220;][carousel script=&#8220;owl_carousel&#8220; desktop_cols=&#8220;3&#8243; desktop_small_cols=&#8220;3&#8243; tablet_cols=&#8220;2&#8243; mobile_cols=&#8220;1&#8243; column_padding=&#8220;10px&#8220;][item id=&#8220;1496997562-1-12&#8243; tab_id=&#8220;1496997578341-4&#8243; title=&#8220;Item&#8220;][vc_column_text]Saint Lucia wird nicht ohne Grund auch die \u201esch\u00f6ne Helena des Westens\u201c genannt. Sie ist ums\u00e4umt von Sandstr\u00e4nden und Buchten und birgt im Landesinneren einen \u00fcppigen, smaragdgr\u00fcnen Regenwald mit hoch aufragenden Bergen und steil abfallenden T\u00e4lern.[\/vc_column_text][\/item][item id=&#8220;1496997562-2-59&#8243; tab_id=&#8220;1496997578716-2&#8243; title=&#8220;Item&#8220;][vc_column_text]Die Wahrzeichen der Insel, die Vulkane Gros und Petit Piton, erheben sich im S\u00fcdwesten. Beide Vulkankegel und das umgebende Naturschutzgebiet wurde 2004 zum UNESCO-Weltnaturerbe erkl\u00e4rt. Ein wahres Paradies f\u00fcr Naturliebhaber.[\/vc_column_text][\/item][item id=&#8220;1496997562-3-44&#8243; tab_id=&#8220;1496997579093-0&#8243; title=&#8220;Item&#8220;][vc_column_text]St Lucia wurde schon neun Mal mit dem World Travel Award \u201eWorld\u2019s Leading Honeymoon Destination\u201c ausgezeichnet. Diese Insel ist ein Paradies f\u00fcr Romantiker und Genie\u00dfer. Sie k\u00f6nnen einfach nur entspannen, an einem der Bilderbuch-Str\u00e4nde, oder auf Entdeckungsreise gehen.[\/vc_column_text][\/item][item title=&#8220;Item&#8220; id=&#8220;1496997667507-0-8&#8243; tab_id=&#8220;1496997667515-10&#8243;][vc_column_text]Es gibt Mountainbike-Touren und Zip-Lining \u00fcber den Baumwipfeln des Regenwaldes, Klettertouren zum Gipfel des Gros und Petit Piton oder Besichtigungen von Kakao- oder Bananenplantagen.[\/vc_column_text][\/item][item title=&#8220;Item&#8220; id=&#8220;1496997685788-0-8&#8243; tab_id=&#8220;1496997685796-8&#8243;][vc_column_text]Auch f\u00fcr Wassersportler gibt es ein gro\u00dfes Angebot. Von Delfin- und Walbeobachtungen, Kitesurfen, Tauchen und Schnorcheln bis hin zu Kanufahren oder Segeln.[\/vc_column_text][\/item][item title=&#8220;Item&#8220; id=&#8220;1496997703070-0-8&#8243; tab_id=&#8220;1496997703078-8&#8243;][vc_column_text]Die Lebensfreude der Menschen auf St. Lucia ist ansteckend. Es gibt einen kulturellen Mix aus Karibisch, Afrikanisch, Franz\u00f6sisch und Englisch. Die k\u00f6stliche, typische kreolische K\u00fcche sollte man auf jeden Fall probieren.[\/vc_column_text][\/item][\/carousel][\/vc_column][\/vc_row][vc_row type=&#8220;in_container&#8220; full_screen_row_position=&#8220;middle&#8220; scene_position=&#8220;center&#8220; text_color=&#8220;dark&#8220; text_align=&#8220;left&#8220; overlay_strength=&#8220;0.3&#8243;][vc_column column_padding=&#8220;no-extra-padding&#8220; column_padding_position=&#8220;all&#8220; background_color_opacity=&#8220;1&#8243; background_hover_color_opacity=&#8220;1&#8243; top_margin=&#8220;5&#8243; column_shadow=&#8220;none&#8220; width=&#8220;1\/1&#8243; tablet_text_alignment=&#8220;default&#8220; phone_text_alignment=&#8220;default&#8220; column_border_width=&#8220;none&#8220; column_border_style=&#8220;solid&#8220;][nectar_flip_box image_url_1=&#8220;10308&#8243; text_color=&#8220;light&#8220; icon_color=&#8220;Accent-Color&#8220; text_color_2=&#8220;dark&#8220; h_text_align=&#8220;left&#8220; v_text_align=&#8220;bottom&#8220; flip_direction=&#8220;horizontal-to-left&#8220; front_content=&#8220;Contact us today&#8220; min_height=&#8220;270&#8243;]\n<h5>We offer an exceptional service that will help you to find your perfect luxury retreat.<br \/>\nSo please tell us what you imagine: <a class=\"ex_link\" href=\"mailto:service@8.villas\" target=\"_blank\" rel=\"noopener noreferrer\">service@8.villas<\/a><\/h5>\n[\/nectar_flip_box][\/vc_column][\/vc_row][vc_row type=&#8220;in_container&#8220; full_screen_row_position=&#8220;middle&#8220; scene_position=&#8220;center&#8220; text_color=&#8220;dark&#8220; text_align=&#8220;left&#8220; overlay_strength=&#8220;0.3&#8243;][vc_column column_padding=&#8220;no-extra-padding&#8220; column_padding_position=&#8220;all&#8220; background_color_opacity=&#8220;1&#8243; background_hover_color_opacity=&#8220;1&#8243; column_shadow=&#8220;none&#8220; width=&#8220;1\/1&#8243; tablet_text_alignment=&#8220;default&#8220; phone_text_alignment=&#8220;default&#8220; column_border_width=&#8220;none&#8220; column_border_style=&#8220;solid&#8220;][carousel script=&#8220;owl_carousel&#8220; desktop_cols=&#8220;4&#8243; desktop_small_cols=&#8220;3&#8243; tablet_cols=&#8220;2&#8243; mobile_cols=&#8220;1&#8243; column_padding=&#8220;5px&#8220;][item id=&#8220;1493992600-1-86&#8243; tab_id=&#8220;1493992627919-6&#8243; title=&#8220;Item&#8220;][fancy_box image_url=&#8220;10038&#8243; color=&#8220;Accent-Color&#8220; link_url=&#8220;https:\/\/8.villas\/de\/st-barth\/&#8220; link_text=&#8220;Villen in Saint Barth&#8220;]Saint Barth[\/fancy_box][\/item][item id=&#8220;1493992600-2-9&#8243; tab_id=&#8220;1493992628235-4&#8243; title=&#8220;Item&#8220;][fancy_box image_url=&#8220;10033&#8243; color=&#8220;Accent-Color&#8220; link_url=&#8220;https:\/\/8.villas\/de\/st-martin\/&#8220; link_text=&#8220;Villen in Saint Martin&#8220;]Saint Martin[\/fancy_box][\/item][item id=&#8220;1493992600-3-66&#8243; tab_id=&#8220;1493992628545-0&#8243; title=&#8220;Item&#8220;][fancy_box image_url=&#8220;10034&#8243; color=&#8220;Accent-Color&#8220; link_url=&#8220;https:\/\/8.villas\/de\/barbados\/&#8220; link_text=&#8220;Villen in Barbados&#8220;]Barbados[\/fancy_box][\/item][item title=&#8220;Item&#8220; id=&#8220;1493992778294-0-3&#8243; tab_id=&#8220;1493992778304-4&#8243;][fancy_box image_url=&#8220;10036&#8243; color=&#8220;Accent-Color&#8220; link_url=&#8220;https:\/\/8.villas\/de\/jamaika\/&#8220; link_text=&#8220;Villen in Jamaika&#8220;]Jamaika[\/fancy_box][\/item][\/carousel][\/vc_column][\/vc_row]\n","protected":false},"excerpt":{"rendered":"<p>[vc_row type=&#8220;in_container&#8220; full_screen_row_position=&#8220;middle&#8220; scene_position=&#8220;center&#8220; text_color=&#8220;dark&#8220; text_align=&#8220;left&#8220; overlay_strength=&#8220;0.3&#8243;][vc_column column_padding=&#8220;no-extra-padding&#8220; column_padding_position=&#8220;all&#8220; background_color_opacity=&#8220;1&#8243; background_hover_color_opacity=&#8220;1&#8243; column_shadow=&#8220;none&#8220; width=&#8220;1\/1&#8243; tablet_text_alignment=&#8220;default&#8220; phone_text_alignment=&#8220;default&#8220; column_border_width=&#8220;none&#8220; column_border_style=&#8220;solid&#8220;][\/vc_column][\/vc_row][vc_row type=&#8220;in_container&#8220; full_screen_row_position=&#8220;middle&#8220; equal_height=&#8220;yes&#8220; content_placement=&#8220;middle&#8220; scene_position=&#8220;center&#8220; text_color=&#8220;dark&#8220; text_align=&#8220;left&#8220; overlay_strength=&#8220;0.3&#8243;][vc_column column_padding=&#8220;no-extra-padding&#8220; column_padding_position=&#8220;all&#8220; background_color_opacity=&#8220;1&#8243; background_hover_color_opacity=&#8220;1&#8243; column_shadow=&#8220;none&#8220;&#8230;<\/p>\n","protected":false},"author":2,"featured_media":0,"parent":0,"menu_order":0,"comment_status":"closed","ping_status":"closed","template":"","meta":[],"_links":{"self":[{"href":"https:\/\/8.villas\/de\/wp-json\/wp\/v2\/pages\/3055"}],"collection":[{"href":"https:\/\/8.villas\/de\/wp-json\/wp\/v2\/pages"}],"about":[{"href":"https:\/\/8.villas\/de\/wp-json\/wp\/v2\/types\/page"}],"author":[{"embeddable":true,"href":"https:\/\/8.villas\/de\/wp-json\/wp\/v2\/users\/2"}],"replies":[{"embeddable":true,"href":"https:\/\/8.villas\/de\/wp-json\/wp\/v2\/comments?post=3055"}],"version-history":[{"count":22,"href":"https:\/\/8.villas\/de\/wp-json\/wp\/v2\/pages\/3055\/revisions"}],"predecessor-version":[{"id":10360,"href":"https:\/\/8.villas\/de\/wp-json\/wp\/v2\/pages\/3055\/revisions\/10360"}],"wp:attachment":[{"href":"https:\/\/8.villas\/de\/wp-json\/wp\/v2\/media?parent=3055"}],"curies":[{"name":"wp","href":"https:\/\/api.w.org\/{rel}","templated":true}]}}