{"id":3151,"date":"2016-08-29T21:37:16","date_gmt":"2016-08-29T21:37:16","guid":{"rendered":"https:\/\/8.villas\/?page_id=3151"},"modified":"2017-06-25T17:06:08","modified_gmt":"2017-06-25T17:06:08","slug":"comer-see","status":"publish","type":"page","link":"https:\/\/8.villas\/de\/comer-see\/","title":{"rendered":"Lago di Como"},"content":{"rendered":"[vc_row type=&#8220;in_container&#8220; full_screen_row_position=&#8220;middle&#8220; scene_position=&#8220;center&#8220; text_color=&#8220;dark&#8220; text_align=&#8220;left&#8220; overlay_strength=&#8220;0.3&#8243;][vc_column column_padding=&#8220;no-extra-padding&#8220; column_padding_position=&#8220;all&#8220; background_color_opacity=&#8220;1&#8243; background_hover_color_opacity=&#8220;1&#8243; column_shadow=&#8220;none&#8220; width=&#8220;1\/1&#8243; tablet_text_alignment=&#8220;default&#8220; phone_text_alignment=&#8220;default&#8220; column_border_width=&#8220;none&#8220; column_border_style=&#8220;solid&#8220;]<div style=\"height: 500px\"  data-transition=\"slide\" data-overall_style=\"classic\" data-flexible-height=\"\" data-animate-in-effect=\"none\" data-fullscreen=\"false\" data-button-sizing=\"regular\" data-button-styling=\"btn_with_count\" data-autorotate=\"\" data-parallax=\"false\" data-full-width=\"true\" class=\"nectar-slider-wrap \" id=\"ns-id-69e233830207f\">\n\t\t\t<div style=\"height: 500px\" class=\"swiper-container\"  data-tho=\"auto\" data-tco=\"auto\" data-pho=\"auto\" data-pco=\"auto\" data-loop=\"false\" data-height=\"500\" data-min-height=\"\" data-arrows=\"false\" data-bullets=\"false\" data-bullet_style=\"see_through\" data-desktop-swipe=\"false\" data-settings=\"\">\n\t\t\t\t    <div class=\"swiper-wrapper\"><div class=\"swiper-slide\" data-bg-alignment=\"center\" data-color-scheme=\"light\" data-x-pos=\"left\" data-y-pos=\"middle\"> \n\t\t\t\t\t\t\t\t<div class=\"image-bg\" style=\"background-image: url(https:\/\/8.villas\/de\/wp-content\/uploads\/2017\/01\/lago-di-como.jpg);\"> &nbsp; <\/div><div class=\"container\">\n\t\t\t\t\t\t\t\t\t<div class=\"content\"><h2>Comer See<\/h2><\/div>\n\t\t\t\t\t\t\t\t<\/div><!--\/container--><div class=\"video-texture \"> <span class=\"ie-fix\"><\/span> <\/div><\/div><!--\/swiper-slide--><\/div><div class=\"nectar-slider-loading \"> <span class=\"loading-icon none\">   <\/span> <\/div> <\/div> \n\t\t\t\t\n\t\t\t<\/div>[\/vc_column][\/vc_row][vc_row type=&#8220;in_container&#8220; full_screen_row_position=&#8220;middle&#8220; equal_height=&#8220;yes&#8220; scene_position=&#8220;center&#8220; text_color=&#8220;dark&#8220; text_align=&#8220;left&#8220; overlay_strength=&#8220;0.3&#8243;][vc_column column_padding=&#8220;no-extra-padding&#8220; column_padding_position=&#8220;all&#8220; background_color_opacity=&#8220;1&#8243; background_hover_color_opacity=&#8220;1&#8243; column_shadow=&#8220;none&#8220; width=&#8220;1\/3&#8243; tablet_text_alignment=&#8220;default&#8220; phone_text_alignment=&#8220;default&#8220; column_border_width=&#8220;none&#8220; column_border_style=&#8220;solid&#8220;]<div class=\"img-with-aniamtion-wrap center\" data-max-width=\"100%\"><div class=\"inner\"><a href=\"https:\/\/8.villas\/de\/villa-chicha\/\" target=\"_self\" class=\"center\"><img data-shadow=\"none\" data-shadow-direction=\"middle\" class=\"img-with-animation \" data-delay=\"0\" height=\"440\" width=\"700\" data-animation=\"none\" src=\"https:\/\/8.villas\/de\/wp-content\/uploads\/sites\/2\/2016\/08\/chica_gallery.jpg\" srcset=\"https:\/\/8.villas\/de\/wp-content\/uploads\/sites\/2\/2016\/08\/chica_gallery.jpg 700w, https:\/\/8.villas\/de\/wp-content\/uploads\/sites\/2\/2016\/08\/chica_gallery-300x189.jpg 300w\" alt=\"\" \/><\/a><\/div><\/div>\t<div class=\"wpb_text_column wpb_content_element \">\n\t\t<div class=\"wpb_wrapper\">\n\t\t\t<h2><a href=\"\/villa-chicha\/\" target=\"_self\">VILLA CHICHA<\/a><\/h2>\n\t\t<\/div>\n\t<\/div>\n\n\t<div class=\"wpb_text_column wpb_content_element \">\n\t\t<div class=\"wpb_wrapper\">\n\t\t\t<h5>4Zi - Lezzeno, Lago di Como, Italy<br>Betten&nbsp;8: 840\u20ac \/ Nacht<\/h5>\n\t\t<\/div>\n\t<\/div>\n[\/vc_column][vc_column column_padding=&#8220;no-extra-padding&#8220; column_padding_position=&#8220;all&#8220; background_color_opacity=&#8220;1&#8243; background_hover_color_opacity=&#8220;1&#8243; column_shadow=&#8220;none&#8220; width=&#8220;1\/3&#8243; tablet_text_alignment=&#8220;default&#8220; phone_text_alignment=&#8220;default&#8220; column_border_width=&#8220;none&#8220; column_border_style=&#8220;solid&#8220;]<div class=\"img-with-aniamtion-wrap center\" data-max-width=\"100%\"><div class=\"inner\"><a href=\"https:\/\/8.villas\/de\/villa-cigno\/\" target=\"_self\" class=\"center\"><img data-shadow=\"none\" data-shadow-direction=\"middle\" class=\"img-with-animation \" data-delay=\"0\" height=\"440\" width=\"700\" data-animation=\"none\" src=\"https:\/\/8.villas\/de\/wp-content\/uploads\/sites\/2\/2016\/08\/cigno_gallery.jpg\" srcset=\"https:\/\/8.villas\/de\/wp-content\/uploads\/sites\/2\/2016\/08\/cigno_gallery.jpg 700w, https:\/\/8.villas\/de\/wp-content\/uploads\/sites\/2\/2016\/08\/cigno_gallery-300x189.jpg 300w\" alt=\"\" \/><\/a><\/div><\/div>\t<div class=\"wpb_text_column wpb_content_element \">\n\t\t<div class=\"wpb_wrapper\">\n\t\t\t<h2><a href=\"\/villa-cigno\/\" target=\"_self\">VILLA CIGNO<\/a><\/h2>\n\t\t<\/div>\n\t<\/div>\n\n\t<div class=\"wpb_text_column wpb_content_element \">\n\t\t<div class=\"wpb_wrapper\">\n\t\t\t<h5>6Zi - Vanssena, Lago di Como, Italy<br>Betten&nbsp;12: 1.230\u20ac \u2013 1.800\u20ac \/ Nacht<\/h5>\n\t\t<\/div>\n\t<\/div>\n[\/vc_column][vc_column column_padding=&#8220;no-extra-padding&#8220; column_padding_position=&#8220;all&#8220; background_color_opacity=&#8220;1&#8243; background_hover_color_opacity=&#8220;1&#8243; column_shadow=&#8220;none&#8220; width=&#8220;1\/3&#8243; tablet_text_alignment=&#8220;default&#8220; phone_text_alignment=&#8220;default&#8220; column_border_width=&#8220;none&#8220; column_border_style=&#8220;solid&#8220;]<div class=\"img-with-aniamtion-wrap center\" data-max-width=\"100%\"><div class=\"inner\"><a href=\"https:\/\/8.villas\/de\/villa-del-lago\/\" target=\"_self\" class=\"center\"><img data-shadow=\"none\" data-shadow-direction=\"middle\" class=\"img-with-animation \" data-delay=\"0\" height=\"440\" width=\"700\" data-animation=\"none\" src=\"https:\/\/8.villas\/de\/wp-content\/uploads\/sites\/2\/2016\/08\/dellago_gallery.jpg\" srcset=\"https:\/\/8.villas\/de\/wp-content\/uploads\/sites\/2\/2016\/08\/dellago_gallery.jpg 700w, https:\/\/8.villas\/de\/wp-content\/uploads\/sites\/2\/2016\/08\/dellago_gallery-300x189.jpg 300w\" alt=\"\" \/><\/a><\/div><\/div>\t<div class=\"wpb_text_column wpb_content_element \">\n\t\t<div class=\"wpb_wrapper\">\n\t\t\t<h2><a href=\"\/villa-del-lago\/\" target=\"_self\">VILLA DEL LAGO<\/a><\/h2>\n\t\t<\/div>\n\t<\/div>\n\n\t<div class=\"wpb_text_column wpb_content_element \">\n\t\t<div class=\"wpb_wrapper\">\n\t\t\t<h5>8Zi - Limonta, Lago di Como, Italy<br>Betten&nbsp;14: 2.920\u20ac \/ Nacht<\/h5>\n\t\t<\/div>\n\t<\/div>\n[\/vc_column][\/vc_row][vc_row type=&#8220;in_container&#8220; full_screen_row_position=&#8220;middle&#8220; scene_position=&#8220;center&#8220; text_color=&#8220;dark&#8220; text_align=&#8220;left&#8220; overlay_strength=&#8220;0.3&#8243;][vc_column column_padding=&#8220;no-extra-padding&#8220; column_padding_position=&#8220;all&#8220; background_color_opacity=&#8220;1&#8243; background_hover_color_opacity=&#8220;1&#8243; column_shadow=&#8220;none&#8220; width=&#8220;1\/1&#8243; tablet_text_alignment=&#8220;default&#8220; phone_text_alignment=&#8220;default&#8220; column_border_width=&#8220;none&#8220; column_border_style=&#8220;solid&#8220;][vc_custom_heading text=&#8220;Einer der sch\u00f6nsten Gebirgsseen Europas&#8220; font_container=&#8220;tag:h2|text_align:center&#8220; google_fonts=&#8220;font_family:Open%20Sans%3A300%2C300italic%2Cregular%2Citalic%2C600%2C600italic%2C700%2C700italic%2C800%2C800italic|font_style:400%20regular%3A400%3Anormal&#8220;][carousel script=&#8220;owl_carousel&#8220; desktop_cols=&#8220;3&#8243; desktop_small_cols=&#8220;3&#8243; tablet_cols=&#8220;2&#8243; mobile_cols=&#8220;1&#8243; column_padding=&#8220;10px&#8220;][item id=&#8220;1496896047-1-1&#8243; tab_id=&#8220;1496896079865-3&#8243; title=&#8220;Item&#8220;][vc_column_text]Der Comer See &#8211; Lago di Como &#8211; liegt in der Lombardei und lockt insbesondere mit seinem imposanten Bergpanorama eine Vielzahl von Besuchern an. Das einmalige Zusammenspiel aus fast hochalpiner Landschaft, mediterraner Vegetation an den Ufern und malerischen Bergd\u00f6rfern bezaubert die Besucher.[\/vc_column_text][\/item][item id=&#8220;1496896047-2-49&#8243; tab_id=&#8220;1496896080291-4&#8243; title=&#8220;Item&#8220;][vc_column_text]So haben im Fr\u00fchling die Berge noch eine wei\u00dfe Schneehaube und unten an den sonnenverw\u00f6hnten Ufern bl\u00fchen Kamelien, Azaleen, Oleander, Zypressen und Olivenb\u00e4ume um die Wette. Aufgrund seines milden, mediterranen Klimas gibt es selbst noch im Herbst angenehm warme Temperaturen.[\/vc_column_text][\/item][item id=&#8220;1496896047-3-41&#8243; tab_id=&#8220;1496896080702-10&#8243; title=&#8220;Item&#8220;][vc_column_text]Es ist faszinierend, wie sich der Comer See \u00fcber die Jahre seinen urspr\u00fcnglichen italienischen Charme mit seinen malerischen, kleinen, rund um das Ufer verteilten \u00d6rtchen erhalten konnte. Im Gegensatz zu seinen bekannten Nachbarn Lago Maggiore und Gardasee ist am Lago di Como recht wenig vom Tourismus zu sp\u00fcren.[\/vc_column_text][\/item][item title=&#8220;Item&#8220; id=&#8220;1496896204435-0-7&#8243; tab_id=&#8220;1496896204445-8&#8243;][vc_column_text]Ein Hauptbestandteil dieses besonderen Charmes sind die historischen Villen mit ihren gepflegten Parks. Einige von ihnen wurden zu eleganten Luxusherbergen umgestaltet. Wenn Ihnen das atemberaubende Panorama bei einem Spaziergang am Seeufer nicht gen\u00fcgen sollte, dann k\u00f6nnen Sie aus einem reichlichen Angebot an sportlichen Aktivit\u00e4ten w\u00e4hlen.[\/vc_column_text][\/item][item title=&#8220;Item&#8220; id=&#8220;1496896227317-0-6&#8243; tab_id=&#8220;1496896227327-10&#8243;][vc_column_text]Es herrschen ideale Bedingungen f\u00fcr Wasser- und Bergsport wie Segeln, Kiten, Surfen, Wakeboarden, Wasserski, Rudern, Kanu und Tauchen oder Wandern, Klettern, Biken und Reiten. Oder genie\u00dfen Sie diesen einmaligen Ausblick aus der Luft beim Segelfliegen oder Paragliding.[\/vc_column_text][\/item][item title=&#8220;Item&#8220; id=&#8220;1496896249041-0-8&#8243; tab_id=&#8220;1496896249051-1&#8243;][vc_column_text]Der Comer See geh\u00f6rt zu den sch\u00f6nst gelegenen Gebirgsseen Europas und auch schon einige Prominente hat er in seinen Bann gezogen &#8211; nicht nur George Clooney erwarb bereits eine Villa am Ufer des Sees. Finden auch Sie Ihre Traumvilla.[\/vc_column_text][\/item][\/carousel][\/vc_column][\/vc_row][vc_row type=&#8220;in_container&#8220; full_screen_row_position=&#8220;middle&#8220; equal_height=&#8220;yes&#8220; scene_position=&#8220;center&#8220; text_color=&#8220;dark&#8220; text_align=&#8220;left&#8220; overlay_strength=&#8220;0.3&#8243;][vc_column column_padding=&#8220;no-extra-padding&#8220; column_padding_position=&#8220;all&#8220; background_color_opacity=&#8220;1&#8243; background_hover_color_opacity=&#8220;1&#8243; top_margin=&#8220;5&#8243; column_shadow=&#8220;none&#8220; width=&#8220;2\/3&#8243; tablet_text_alignment=&#8220;default&#8220; phone_text_alignment=&#8220;default&#8220; column_border_width=&#8220;none&#8220; column_border_style=&#8220;solid&#8220;][nectar_flip_box image_url_1=&#8220;10298&#8243; text_color=&#8220;light&#8220; icon_color=&#8220;Accent-Color&#8220; text_color_2=&#8220;dark&#8220; h_text_align=&#8220;left&#8220; v_text_align=&#8220;bottom&#8220; flip_direction=&#8220;horizontal-to-left&#8220; front_content=&#8220;Contact us today&#8220; min_height=&#8220;270&#8243;]\n<h5>We offer an exceptional service that will help you to find your perfect luxury retreat.<br \/>\nSo please tell us what you imagine: <a class=\"ex_link\" href=\"mailto:service@8.villas\" target=\"_blank\" rel=\"noopener noreferrer\">service@8.villas<\/a><\/h5>\n[\/nectar_flip_box][\/vc_column][vc_column column_padding=&#8220;no-extra-padding&#8220; column_padding_position=&#8220;all&#8220; background_color_opacity=&#8220;1&#8243; background_hover_color_opacity=&#8220;1&#8243; column_shadow=&#8220;none&#8220; width=&#8220;1\/3&#8243; tablet_text_alignment=&#8220;default&#8220; phone_text_alignment=&#8220;default&#8220; column_border_width=&#8220;none&#8220; column_border_style=&#8220;solid&#8220;]<div class=\"img-with-aniamtion-wrap center\" data-max-width=\"100%\"><div class=\"inner\"><a href=\"https:\/\/8.villas\/de\/villa-sonni\/\" target=\"_self\" class=\"center\"><img data-shadow=\"medium_depth\" data-shadow-direction=\"middle\" class=\"img-with-animation \" data-delay=\"0\" height=\"440\" width=\"700\" data-animation=\"none\" src=\"https:\/\/8.villas\/de\/wp-content\/uploads\/sites\/2\/2016\/08\/sonni_gallery.jpg\" srcset=\"https:\/\/8.villas\/de\/wp-content\/uploads\/sites\/2\/2016\/08\/sonni_gallery.jpg 700w, https:\/\/8.villas\/de\/wp-content\/uploads\/sites\/2\/2016\/08\/sonni_gallery-300x189.jpg 300w\" alt=\"\" \/><\/a><\/div><\/div>\t<div class=\"wpb_text_column wpb_content_element \">\n\t\t<div class=\"wpb_wrapper\">\n\t\t\t<h2><a href=\"\/villa-sonni\/\" target=\"_self\">VILLA SONNI<\/a><\/h2>\n\t\t<\/div>\n\t<\/div>\n\n\t<div class=\"wpb_text_column wpb_content_element \">\n\t\t<div class=\"wpb_wrapper\">\n\t\t\t<h5>4Zi - Bellagio, Lago di Como, Italy<br>Betten&nbsp;8: 1.350\u20ac \u2013 1.450\u20ac \/ Nacht<\/h5>\n\t\t<\/div>\n\t<\/div>\n[\/vc_column][\/vc_row][vc_row type=&#8220;in_container&#8220; full_screen_row_position=&#8220;middle&#8220; scene_position=&#8220;center&#8220; text_color=&#8220;dark&#8220; text_align=&#8220;left&#8220; overlay_strength=&#8220;0.3&#8243;][vc_column column_padding=&#8220;no-extra-padding&#8220; column_padding_position=&#8220;all&#8220; background_color_opacity=&#8220;1&#8243; background_hover_color_opacity=&#8220;1&#8243; column_shadow=&#8220;none&#8220; width=&#8220;1\/1&#8243; tablet_text_alignment=&#8220;default&#8220; phone_text_alignment=&#8220;default&#8220; column_border_width=&#8220;none&#8220; column_border_style=&#8220;solid&#8220;][carousel script=&#8220;owl_carousel&#8220; desktop_cols=&#8220;3&#8243; desktop_small_cols=&#8220;3&#8243; tablet_cols=&#8220;2&#8243; mobile_cols=&#8220;1&#8243; column_padding=&#8220;10px&#8220;][item id=&#8220;1494050119-1-10&#8243; tab_id=&#8220;1494050141085-2&#8243; title=&#8220;Item&#8220;][fancy_box image_url=&#8220;10047&#8243; color=&#8220;Accent-Color&#8220; link_url=&#8220;https:\/\/8.villas\/de\/gardasee\/&#8220; link_text=&#8220;Villen am Gardasee&#8220;]Gardasee[\/fancy_box][\/item][item id=&#8220;1494050119-2-56&#8243; tab_id=&#8220;1494050141411-8&#8243; title=&#8220;Item&#8220;][fancy_box image_url=&#8220;10056&#8243; color=&#8220;Accent-Color&#8220; link_url=&#8220;https:\/\/8.villas\/de\/toskana\/&#8220; link_text=&#8220;Villen in der Toskana&#8220;]Toskana[\/fancy_box][\/item][item id=&#8220;1494050119-3-58&#8243; tab_id=&#8220;1494050141727-5&#8243; title=&#8220;Item&#8220;][fancy_box image_url=&#8220;10049&#8243; color=&#8220;Accent-Color&#8220; link_url=&#8220;https:\/\/8.villas\/de\/cote-dazur\/&#8220; link_text=&#8220;Villen an der C\u00f4te d\u2019Azur&#8220;]C\u00f4te d\u2019Azur[\/fancy_box][\/item][item title=&#8220;Item&#8220; id=&#8220;1494050290767-0-6&#8243; tab_id=&#8220;1494050290776-0&#8243;][fancy_box image_url=&#8220;10051&#8243; color=&#8220;Accent-Color&#8220; link_url=&#8220;https:\/\/8.villas\/de\/mallorca\/&#8220; link_text=&#8220;Villen auf Mallorca&#8220;]Mallorca[\/fancy_box][\/item][item title=&#8220;Item&#8220; id=&#8220;1494050331010-0-7&#8243; tab_id=&#8220;1494050331017-0&#8243;][fancy_box image_url=&#8220;10053&#8243; color=&#8220;Accent-Color&#8220; link_url=&#8220;https:\/\/8.villas\/de\/provence\/&#8220; link_text=&#8220;Villen in der Provence&#8220;]Provence[\/fancy_box][\/item][item title=&#8220;Item&#8220; id=&#8220;1494050372109-0-4&#8243; tab_id=&#8220;1494050372119-9&#8243;][fancy_box image_url=&#8220;10052&#8243; color=&#8220;Accent-Color&#8220; link_url=&#8220;https:\/\/8.villas\/de\/ibiza\/&#8220; link_text=&#8220;Villen auf Ibiza&#8220;]Ibiza[\/fancy_box][\/item][\/carousel][\/vc_column][\/vc_row]\n","protected":false},"excerpt":{"rendered":"<p>[vc_row type=&#8220;in_container&#8220; full_screen_row_position=&#8220;middle&#8220; scene_position=&#8220;center&#8220; text_color=&#8220;dark&#8220; text_align=&#8220;left&#8220; overlay_strength=&#8220;0.3&#8243;][vc_column column_padding=&#8220;no-extra-padding&#8220; column_padding_position=&#8220;all&#8220; background_color_opacity=&#8220;1&#8243; background_hover_color_opacity=&#8220;1&#8243; column_shadow=&#8220;none&#8220; width=&#8220;1\/1&#8243; tablet_text_alignment=&#8220;default&#8220; phone_text_alignment=&#8220;default&#8220; column_border_width=&#8220;none&#8220; column_border_style=&#8220;solid&#8220;][\/vc_column][\/vc_row][vc_row type=&#8220;in_container&#8220; full_screen_row_position=&#8220;middle&#8220; equal_height=&#8220;yes&#8220; scene_position=&#8220;center&#8220; text_color=&#8220;dark&#8220; text_align=&#8220;left&#8220; overlay_strength=&#8220;0.3&#8243;][vc_column column_padding=&#8220;no-extra-padding&#8220; column_padding_position=&#8220;all&#8220; background_color_opacity=&#8220;1&#8243; background_hover_color_opacity=&#8220;1&#8243; column_shadow=&#8220;none&#8220; width=&#8220;1\/3&#8243;&#8230;<\/p>\n","protected":false},"author":2,"featured_media":0,"parent":0,"menu_order":0,"comment_status":"closed","ping_status":"closed","template":"","meta":[],"_links":{"self":[{"href":"https:\/\/8.villas\/de\/wp-json\/wp\/v2\/pages\/3151"}],"collection":[{"href":"https:\/\/8.villas\/de\/wp-json\/wp\/v2\/pages"}],"about":[{"href":"https:\/\/8.villas\/de\/wp-json\/wp\/v2\/types\/page"}],"author":[{"embeddable":true,"href":"https:\/\/8.villas\/de\/wp-json\/wp\/v2\/users\/2"}],"replies":[{"embeddable":true,"href":"https:\/\/8.villas\/de\/wp-json\/wp\/v2\/comments?post=3151"}],"version-history":[{"count":21,"href":"https:\/\/8.villas\/de\/wp-json\/wp\/v2\/pages\/3151\/revisions"}],"predecessor-version":[{"id":10369,"href":"https:\/\/8.villas\/de\/wp-json\/wp\/v2\/pages\/3151\/revisions\/10369"}],"wp:attachment":[{"href":"https:\/\/8.villas\/de\/wp-json\/wp\/v2\/media?parent=3151"}],"curies":[{"name":"wp","href":"https:\/\/api.w.org\/{rel}","templated":true}]}}