{"id":3153,"date":"2016-08-29T21:38:03","date_gmt":"2016-08-29T21:38:03","guid":{"rendered":"https:\/\/8.villas\/?page_id=3153"},"modified":"2017-06-25T17:08:28","modified_gmt":"2017-06-25T17:08:28","slug":"gardasee","status":"publish","type":"page","link":"https:\/\/8.villas\/de\/gardasee\/","title":{"rendered":"Lago di Garda"},"content":{"rendered":"[vc_row type=&#8220;in_container&#8220; full_screen_row_position=&#8220;middle&#8220; scene_position=&#8220;center&#8220; text_color=&#8220;dark&#8220; text_align=&#8220;left&#8220; overlay_strength=&#8220;0.3&#8243;][vc_column column_padding=&#8220;no-extra-padding&#8220; column_padding_position=&#8220;all&#8220; background_color_opacity=&#8220;1&#8243; background_hover_color_opacity=&#8220;1&#8243; column_shadow=&#8220;none&#8220; width=&#8220;1\/1&#8243; tablet_text_alignment=&#8220;default&#8220; phone_text_alignment=&#8220;default&#8220; column_border_width=&#8220;none&#8220; column_border_style=&#8220;solid&#8220;]<div style=\"height: 500px\"  data-transition=\"slide\" data-overall_style=\"classic\" data-flexible-height=\"\" data-animate-in-effect=\"none\" data-fullscreen=\"false\" data-button-sizing=\"regular\" data-button-styling=\"btn_with_count\" data-autorotate=\"\" data-parallax=\"false\" data-full-width=\"true\" class=\"nectar-slider-wrap \" id=\"ns-id-69d6334a0e96f\">\n\t\t\t<div style=\"height: 500px\" class=\"swiper-container\"  data-tho=\"auto\" data-tco=\"auto\" data-pho=\"auto\" data-pco=\"auto\" data-loop=\"false\" data-height=\"500\" data-min-height=\"\" data-arrows=\"false\" data-bullets=\"false\" data-bullet_style=\"see_through\" data-desktop-swipe=\"false\" data-settings=\"\">\n\t\t\t\t    <div class=\"swiper-wrapper\"><div class=\"swiper-slide\" data-bg-alignment=\"center\" data-color-scheme=\"light\" data-x-pos=\"left\" data-y-pos=\"middle\"> \n\t\t\t\t\t\t\t\t<div class=\"image-bg\" style=\"background-image: url(https:\/\/8.villas\/de\/wp-content\/uploads\/2017\/01\/lago-di-garda.jpg);\"> &nbsp; <\/div><div class=\"container\">\n\t\t\t\t\t\t\t\t\t<div class=\"content\"><h2>Gardasee<\/h2><\/div>\n\t\t\t\t\t\t\t\t<\/div><!--\/container--><div class=\"video-texture \"> <span class=\"ie-fix\"><\/span> <\/div><\/div><!--\/swiper-slide--><\/div><div class=\"nectar-slider-loading \"> <span class=\"loading-icon none\">   <\/span> <\/div> <\/div> \n\t\t\t\t\n\t\t\t<\/div>[\/vc_column][\/vc_row][vc_row type=&#8220;in_container&#8220; full_screen_row_position=&#8220;middle&#8220; equal_height=&#8220;yes&#8220; scene_position=&#8220;center&#8220; text_color=&#8220;dark&#8220; text_align=&#8220;left&#8220; overlay_strength=&#8220;0.3&#8243;][vc_column column_padding=&#8220;no-extra-padding&#8220; column_padding_position=&#8220;all&#8220; background_color_opacity=&#8220;1&#8243; background_hover_color_opacity=&#8220;1&#8243; column_shadow=&#8220;none&#8220; width=&#8220;1\/3&#8243; tablet_text_alignment=&#8220;default&#8220; phone_text_alignment=&#8220;default&#8220; column_border_width=&#8220;none&#8220; column_border_style=&#8220;solid&#8220;]<div class=\"img-with-aniamtion-wrap center\" data-max-width=\"100%\"><div class=\"inner\"><a href=\"https:\/\/8.villas\/de\/villa-selva\/\" target=\"_self\" class=\"center\"><img data-shadow=\"none\" data-shadow-direction=\"middle\" class=\"img-with-animation \" data-delay=\"0\" height=\"440\" width=\"700\" data-animation=\"none\" src=\"https:\/\/8.villas\/de\/wp-content\/uploads\/sites\/2\/2016\/08\/selva_gallery.jpg\" srcset=\"https:\/\/8.villas\/de\/wp-content\/uploads\/sites\/2\/2016\/08\/selva_gallery.jpg 700w, https:\/\/8.villas\/de\/wp-content\/uploads\/sites\/2\/2016\/08\/selva_gallery-300x189.jpg 300w\" alt=\"\" \/><\/a><\/div><\/div>\t<div class=\"wpb_text_column wpb_content_element \">\n\t\t<div class=\"wpb_wrapper\">\n\t\t\t<h2><a href=\"\/villa-selva\/\" target=\"_self\">VILLA SELVA<\/a><\/h2>\n\t\t<\/div>\n\t<\/div>\n\n\t<div class=\"wpb_text_column wpb_content_element \">\n\t\t<div class=\"wpb_wrapper\">\n\t\t\t<h5>3Zi - Brescia, Lago di Garda, Italy<br>Betten&nbsp;6: 790\u20ac \u2013 1.350\u20ac \/ Nacht<\/h5>\n\t\t<\/div>\n\t<\/div>\n[\/vc_column][vc_column column_padding=&#8220;no-extra-padding&#8220; column_padding_position=&#8220;all&#8220; background_color_opacity=&#8220;1&#8243; background_hover_color_opacity=&#8220;1&#8243; column_shadow=&#8220;none&#8220; width=&#8220;1\/3&#8243; tablet_text_alignment=&#8220;default&#8220; phone_text_alignment=&#8220;default&#8220; column_border_width=&#8220;none&#8220; column_border_style=&#8220;solid&#8220;]<div class=\"img-with-aniamtion-wrap center\" data-max-width=\"100%\"><div class=\"inner\"><a href=\"https:\/\/8.villas\/de\/villa-storia\" target=\"_self\" class=\"center\"><img data-shadow=\"none\" data-shadow-direction=\"middle\" class=\"img-with-animation \" data-delay=\"0\" height=\"440\" width=\"700\" data-animation=\"none\" src=\"https:\/\/8.villas\/de\/wp-content\/uploads\/sites\/2\/2016\/08\/storia_gallery.jpg\" srcset=\"https:\/\/8.villas\/de\/wp-content\/uploads\/sites\/2\/2016\/08\/storia_gallery.jpg 700w, https:\/\/8.villas\/de\/wp-content\/uploads\/sites\/2\/2016\/08\/storia_gallery-300x189.jpg 300w\" alt=\"\" \/><\/a><\/div><\/div>\t<div class=\"wpb_text_column wpb_content_element \">\n\t\t<div class=\"wpb_wrapper\">\n\t\t\t<h2><a href=\"\/villa-storia\/\" target=\"_self\">VILLA STORIA<\/a><\/h2>\n\t\t<\/div>\n\t<\/div>\n\n\t<div class=\"wpb_text_column wpb_content_element \">\n\t\t<div class=\"wpb_wrapper\">\n\t\t\t<h5>4Zi - Brescia, Lago di Garda, Italy<br>Betten&nbsp;8: 700\u20ac \u2013 1.190\u20ac \/ Nacht<\/h5>\n\t\t<\/div>\n\t<\/div>\n[\/vc_column][vc_column column_padding=&#8220;no-extra-padding&#8220; column_padding_position=&#8220;all&#8220; background_color_opacity=&#8220;1&#8243; background_hover_color_opacity=&#8220;1&#8243; column_shadow=&#8220;none&#8220; width=&#8220;1\/3&#8243; tablet_text_alignment=&#8220;default&#8220; phone_text_alignment=&#8220;default&#8220; column_border_width=&#8220;none&#8220; column_border_style=&#8220;solid&#8220;]<div class=\"img-with-aniamtion-wrap center\" data-max-width=\"100%\"><div class=\"inner\"><a href=\"https:\/\/8.villas\/de\/villa-storia-estate\/\" target=\"_self\" class=\"center\"><img data-shadow=\"none\" data-shadow-direction=\"middle\" class=\"img-with-animation \" data-delay=\"0\" height=\"440\" width=\"700\" data-animation=\"none\" src=\"https:\/\/8.villas\/de\/wp-content\/uploads\/sites\/2\/2016\/08\/storia_gallery.jpg\" srcset=\"https:\/\/8.villas\/de\/wp-content\/uploads\/sites\/2\/2016\/08\/storia_gallery.jpg 700w, https:\/\/8.villas\/de\/wp-content\/uploads\/sites\/2\/2016\/08\/storia_gallery-300x189.jpg 300w\" alt=\"\" \/><\/a><\/div><\/div>\t<div class=\"wpb_text_column wpb_content_element \">\n\t\t<div class=\"wpb_wrapper\">\n\t\t\t<h2><a href=\"\/villa-storia-estate\/\" target=\"_self\">VILLA STORIA ESTATE<\/a><\/h2>\n\t\t<\/div>\n\t<\/div>\n\n\t<div class=\"wpb_text_column wpb_content_element \">\n\t\t<div class=\"wpb_wrapper\">\n\t\t\t<h5>7Zi - Brescia, Lake Garda, Italy<br>Betten&nbsp;14: 1.590\u20ac \u2013 2.680\u20ac \/ Nacht<\/h5>\n\t\t<\/div>\n\t<\/div>\n[\/vc_column][\/vc_row][vc_row type=&#8220;in_container&#8220; full_screen_row_position=&#8220;middle&#8220; scene_position=&#8220;center&#8220; text_color=&#8220;dark&#8220; text_align=&#8220;left&#8220; overlay_strength=&#8220;0.3&#8243;][vc_column column_padding=&#8220;no-extra-padding&#8220; column_padding_position=&#8220;all&#8220; background_color_opacity=&#8220;1&#8243; background_hover_color_opacity=&#8220;1&#8243; column_shadow=&#8220;none&#8220; width=&#8220;1\/1&#8243; tablet_text_alignment=&#8220;default&#8220; phone_text_alignment=&#8220;default&#8220; column_border_width=&#8220;none&#8220; column_border_style=&#8220;solid&#8220;][vc_custom_heading text=&#8220;Entdecken Sie das besondere Flair des Gardasees&#8220; font_container=&#8220;tag:h2|text_align:center&#8220; google_fonts=&#8220;font_family:Open%20Sans%3A300%2C300italic%2Cregular%2Citalic%2C600%2C600italic%2C700%2C700italic%2C800%2C800italic|font_style:400%20regular%3A400%3Anormal&#8220;][carousel script=&#8220;owl_carousel&#8220; desktop_cols=&#8220;3&#8243; desktop_small_cols=&#8220;3&#8243; tablet_cols=&#8220;2&#8243; mobile_cols=&#8220;1&#8243; column_padding=&#8220;10px&#8220;][item id=&#8220;1496894900-1-11&#8243; tab_id=&#8220;1496895153308-6&#8243; title=&#8220;Item&#8220;][vc_column_text]Der Gardasee &#8211; Lago di Garda &#8211; ist mit seinen 390 km\u00b2 der gr\u00f6\u00dfte See Italiens und besticht durch seine landschaftliche Sch\u00f6nheit mit Venedig im Osten und Mailand im Westen. Innerhalb von 30 Minuten Zugfahrt erreichen Sie Verona und k\u00f6nnen im Sommer die legend\u00e4ren Opernfestspiele in der Arena di Verona genie\u00dfen. Dank der Alpen ist das Klima sehr angenehm.[\/vc_column_text][\/item][item id=&#8220;1496894900-2-69&#8243; tab_id=&#8220;1496895153664-9&#8243; title=&#8220;Item&#8220;][vc_column_text]Schon seit Jahrhunderten lockt der See Reisende an sein Ufer, darunter vor allem Poeten wie Franz Kafka und J. W. von Goethe, der schrieb: \u201eWie sehr w\u00fcnschte ich meine Freunde einen Augenblick neben mich, dass sie sich der Aussicht freuen k\u00f6nnten, die vor mir liegt!\u201c. Es herrscht ein mediterranes Ambiente durch die Landschaft pr\u00e4genden Olivenb\u00e4ume, Zitronenb\u00e4ume und Zypressen, von denen auch Goethe begeistert war.[\/vc_column_text][\/item][item id=&#8220;1496894900-3-100&#8243; tab_id=&#8220;1496895154014-2&#8243; title=&#8220;Item&#8220;][vc_column_text]Der einzigartige Charme entsteht durch zahlreiche zauberhafte Hafen\u00f6rtchen mit Open-Air-Caf\u00e9s, tollen Restaurants und wundersch\u00f6nen Str\u00e4nden. Naturliebhabern steht ein umfassendes Sport- und Freizeitangebot wie Wandern, Mountainbiken, Golfen, Reiten, Klettern und Vieles mehr in atemberaubender Umgebung um den Largo di Garda zur Verf\u00fcgung.[\/vc_column_text][\/item][item title=&#8220;Item&#8220; id=&#8220;1496895295440-0-2&#8243; tab_id=&#8220;1496895295450-1&#8243;][vc_column_text]Neben dieser beeindruckenden Landschaft ist auch die historische Vielfalt erw\u00e4hnenswert. Historische Zeugnisse von R\u00f6mern, Langobarden, Franken oder Venezianern finden sich in Form von Pfahlbausiedlungen, Thermalb\u00e4dern, Villen und Burgen wieder.[\/vc_column_text][\/item][item title=&#8220;Item&#8220; id=&#8220;1496895316490-0-7&#8243; tab_id=&#8220;1496895316500-5&#8243;][vc_column_text]Das Angebot an Unterk\u00fcnften rund um den Gardasee ist vielf\u00e4ltig. Es reicht von komfortablen Luxusvillen direkt am See bis hin zu gem\u00fctlichen Fr\u00fchst\u00fcckspensionen und Campingpl\u00e4tzen. Besonders reizvoll sind historische Villen mit feinen Mosaiken und Burgen.[\/vc_column_text][\/item][item title=&#8220;Item&#8220; id=&#8220;1496895339608-0-5&#8243; tab_id=&#8220;1496895339615-0&#8243;][vc_column_text]Bummeln Sie durch die reizenden, antiken Gassen in Sirmione und lassen Sie sich das italienische Essen mit k\u00f6stlichem Wein schmecken. Zusammen mit dieser einzigartigen Landschaft macht das den besonderen Flair des Lago di Garda aus.[\/vc_column_text][\/item][\/carousel][\/vc_column][\/vc_row][vc_row type=&#8220;in_container&#8220; full_screen_row_position=&#8220;middle&#8220; scene_position=&#8220;center&#8220; text_color=&#8220;dark&#8220; text_align=&#8220;left&#8220; overlay_strength=&#8220;0.3&#8243;][vc_column column_padding=&#8220;no-extra-padding&#8220; column_padding_position=&#8220;all&#8220; background_color_opacity=&#8220;1&#8243; background_hover_color_opacity=&#8220;1&#8243; top_margin=&#8220;5&#8243; column_shadow=&#8220;none&#8220; width=&#8220;1\/1&#8243; tablet_text_alignment=&#8220;default&#8220; phone_text_alignment=&#8220;default&#8220; column_border_width=&#8220;none&#8220; column_border_style=&#8220;solid&#8220;][nectar_flip_box image_url_1=&#8220;10308&#8243; text_color=&#8220;light&#8220; icon_color=&#8220;Accent-Color&#8220; text_color_2=&#8220;dark&#8220; h_text_align=&#8220;left&#8220; v_text_align=&#8220;bottom&#8220; flip_direction=&#8220;horizontal-to-left&#8220; front_content=&#8220;Contact us today&#8220; min_height=&#8220;270&#8243;]\n<h5>We offer an exceptional service that will help you to find your perfect luxury retreat.<br \/>\nSo please tell us what you imagine: <a class=\"ex_link\" href=\"mailto:service@8.villas\" target=\"_blank\" rel=\"noopener noreferrer\">service@8.villas<\/a><\/h5>\n[\/nectar_flip_box][\/vc_column][\/vc_row][vc_row type=&#8220;in_container&#8220; full_screen_row_position=&#8220;middle&#8220; scene_position=&#8220;center&#8220; text_color=&#8220;dark&#8220; text_align=&#8220;left&#8220; overlay_strength=&#8220;0.3&#8243;][vc_column column_padding=&#8220;no-extra-padding&#8220; column_padding_position=&#8220;all&#8220; background_color_opacity=&#8220;1&#8243; background_hover_color_opacity=&#8220;1&#8243; column_shadow=&#8220;none&#8220; width=&#8220;1\/1&#8243; tablet_text_alignment=&#8220;default&#8220; phone_text_alignment=&#8220;default&#8220; column_border_width=&#8220;none&#8220; column_border_style=&#8220;solid&#8220;][carousel script=&#8220;owl_carousel&#8220; desktop_cols=&#8220;3&#8243; desktop_small_cols=&#8220;3&#8243; tablet_cols=&#8220;2&#8243; mobile_cols=&#8220;1&#8243; column_padding=&#8220;10px&#8220;][item id=&#8220;1494050650-1-13&#8243; tab_id=&#8220;1494050721416-2&#8243; title=&#8220;Item&#8220;][fancy_box image_url=&#8220;10048&#8243; color=&#8220;Accent-Color&#8220; link_url=&#8220;https:\/\/8.villas\/de\/comer-see\/&#8220; link_text=&#8220;Villen am Comer See&#8220;]Lago di Como[\/fancy_box][\/item][item id=&#8220;1494050650-2-80&#8243; tab_id=&#8220;1494050721727-4&#8243; title=&#8220;Item&#8220;][fancy_box image_url=&#8220;10056&#8243; color=&#8220;Accent-Color&#8220; link_url=&#8220;https:\/\/8.villas\/de\/toskana\/&#8220; link_text=&#8220;Villen in der Toskana&#8220;]Toskana[\/fancy_box][\/item][item id=&#8220;1494050650-3-16&#8243; tab_id=&#8220;1494050722041-6&#8243; title=&#8220;Item&#8220;][fancy_box image_url=&#8220;10049&#8243; color=&#8220;Accent-Color&#8220; link_url=&#8220;https:\/\/8.villas\/de\/cote-dazur\/&#8220; link_text=&#8220;Villen an der C\u00f4te d\u2019Azur&#8220;]C\u00f4te d\u2019Azur[\/fancy_box][\/item][item title=&#8220;Item&#8220; id=&#8220;1494050868234-0-5&#8243; tab_id=&#8220;1494050868242-9&#8243;][fancy_box image_url=&#8220;10052&#8243; color=&#8220;Accent-Color&#8220; link_url=&#8220;https:\/\/8.villas\/de\/ibiza\/&#8220; link_text=&#8220;Villen auf Ibiza&#8220;]Ibiza[\/fancy_box][\/item][item title=&#8220;Item&#8220; id=&#8220;1494050908957-0-3&#8243; tab_id=&#8220;1494050908967-2&#8243;][fancy_box image_url=&#8220;10053&#8243; color=&#8220;Accent-Color&#8220; link_url=&#8220;https:\/\/8.villas\/de\/provence\/&#8220; link_text=&#8220;Villen in der Provence&#8220;]Provence[\/fancy_box][\/item][item title=&#8220;Item&#8220; id=&#8220;1494050955282-0-6&#8243; tab_id=&#8220;1494050955291-4&#8243;][fancy_box image_url=&#8220;10051&#8243; color=&#8220;Accent-Color&#8220; link_url=&#8220;https:\/\/8.villas\/de\/mallorca\/&#8220; link_text=&#8220;Villen auf Mallorca&#8220;]Mallorca[\/fancy_box][\/item][\/carousel][\/vc_column][\/vc_row]\n","protected":false},"excerpt":{"rendered":"<p>[vc_row type=&#8220;in_container&#8220; full_screen_row_position=&#8220;middle&#8220; scene_position=&#8220;center&#8220; text_color=&#8220;dark&#8220; text_align=&#8220;left&#8220; overlay_strength=&#8220;0.3&#8243;][vc_column column_padding=&#8220;no-extra-padding&#8220; column_padding_position=&#8220;all&#8220; background_color_opacity=&#8220;1&#8243; background_hover_color_opacity=&#8220;1&#8243; column_shadow=&#8220;none&#8220; width=&#8220;1\/1&#8243; tablet_text_alignment=&#8220;default&#8220; phone_text_alignment=&#8220;default&#8220; column_border_width=&#8220;none&#8220; column_border_style=&#8220;solid&#8220;][\/vc_column][\/vc_row][vc_row type=&#8220;in_container&#8220; full_screen_row_position=&#8220;middle&#8220; equal_height=&#8220;yes&#8220; scene_position=&#8220;center&#8220; text_color=&#8220;dark&#8220; text_align=&#8220;left&#8220; overlay_strength=&#8220;0.3&#8243;][vc_column column_padding=&#8220;no-extra-padding&#8220; column_padding_position=&#8220;all&#8220; background_color_opacity=&#8220;1&#8243; background_hover_color_opacity=&#8220;1&#8243; column_shadow=&#8220;none&#8220; width=&#8220;1\/3&#8243;&#8230;<\/p>\n","protected":false},"author":2,"featured_media":0,"parent":0,"menu_order":0,"comment_status":"closed","ping_status":"closed","template":"","meta":[],"_links":{"self":[{"href":"https:\/\/8.villas\/de\/wp-json\/wp\/v2\/pages\/3153"}],"collection":[{"href":"https:\/\/8.villas\/de\/wp-json\/wp\/v2\/pages"}],"about":[{"href":"https:\/\/8.villas\/de\/wp-json\/wp\/v2\/types\/page"}],"author":[{"embeddable":true,"href":"https:\/\/8.villas\/de\/wp-json\/wp\/v2\/users\/2"}],"replies":[{"embeddable":true,"href":"https:\/\/8.villas\/de\/wp-json\/wp\/v2\/comments?post=3153"}],"version-history":[{"count":19,"href":"https:\/\/8.villas\/de\/wp-json\/wp\/v2\/pages\/3153\/revisions"}],"predecessor-version":[{"id":10370,"href":"https:\/\/8.villas\/de\/wp-json\/wp\/v2\/pages\/3153\/revisions\/10370"}],"wp:attachment":[{"href":"https:\/\/8.villas\/de\/wp-json\/wp\/v2\/media?parent=3153"}],"curies":[{"name":"wp","href":"https:\/\/api.w.org\/{rel}","templated":true}]}}