{"id":3183,"date":"2016-08-30T13:39:36","date_gmt":"2016-08-30T13:39:36","guid":{"rendered":"https:\/\/8.villas\/?page_id=3183"},"modified":"2017-06-25T17:20:58","modified_gmt":"2017-06-25T17:20:58","slug":"jamaika","status":"publish","type":"page","link":"https:\/\/8.villas\/de\/jamaika\/","title":{"rendered":"Jamaica"},"content":{"rendered":"[vc_row type=&#8220;in_container&#8220; full_screen_row_position=&#8220;middle&#8220; scene_position=&#8220;center&#8220; text_color=&#8220;dark&#8220; text_align=&#8220;left&#8220; overlay_strength=&#8220;0.3&#8243;][vc_column column_padding=&#8220;no-extra-padding&#8220; column_padding_position=&#8220;all&#8220; background_color_opacity=&#8220;1&#8243; background_hover_color_opacity=&#8220;1&#8243; column_shadow=&#8220;none&#8220; width=&#8220;1\/1&#8243; tablet_text_alignment=&#8220;default&#8220; phone_text_alignment=&#8220;default&#8220; column_border_width=&#8220;none&#8220; column_border_style=&#8220;solid&#8220;]<div style=\"height: 500px\"  data-transition=\"slide\" data-overall_style=\"classic\" data-flexible-height=\"\" data-animate-in-effect=\"none\" data-fullscreen=\"false\" data-button-sizing=\"regular\" data-button-styling=\"btn_with_count\" data-autorotate=\"\" data-parallax=\"false\" data-full-width=\"true\" class=\"nectar-slider-wrap \" id=\"ns-id-69d632e880018\">\n\t\t\t<div style=\"height: 500px\" class=\"swiper-container\"  data-tho=\"auto\" data-tco=\"auto\" data-pho=\"auto\" data-pco=\"auto\" data-loop=\"false\" data-height=\"500\" data-min-height=\"\" data-arrows=\"false\" data-bullets=\"false\" data-bullet_style=\"see_through\" data-desktop-swipe=\"false\" data-settings=\"\">\n\t\t\t\t    <div class=\"swiper-wrapper\"><div class=\"swiper-slide\" data-bg-alignment=\"center\" data-color-scheme=\"light\" data-x-pos=\"left\" data-y-pos=\"middle\"> \n\t\t\t\t\t\t\t\t<div class=\"image-bg\" style=\"background-image: url(https:\/\/8.villas\/de\/wp-content\/uploads\/2016\/11\/jamaica.jpg);\"> &nbsp; <\/div><div class=\"container\">\n\t\t\t\t\t\t\t\t\t<div class=\"content\"><h2>Jamaika<\/h2><\/div>\n\t\t\t\t\t\t\t\t<\/div><!--\/container--><div class=\"video-texture \"> <span class=\"ie-fix\"><\/span> <\/div><\/div><!--\/swiper-slide--><\/div><div class=\"nectar-slider-loading \"> <span class=\"loading-icon none\">   <\/span> <\/div> <\/div> \n\t\t\t\t\n\t\t\t<\/div>[\/vc_column][\/vc_row][vc_row type=&#8220;in_container&#8220; full_screen_row_position=&#8220;middle&#8220; equal_height=&#8220;yes&#8220; scene_position=&#8220;center&#8220; text_color=&#8220;dark&#8220; text_align=&#8220;left&#8220; overlay_strength=&#8220;0.3&#8243;][vc_column column_padding=&#8220;no-extra-padding&#8220; column_padding_position=&#8220;all&#8220; background_color_opacity=&#8220;1&#8243; background_hover_color_opacity=&#8220;1&#8243; column_shadow=&#8220;none&#8220; width=&#8220;1\/3&#8243; tablet_text_alignment=&#8220;default&#8220; phone_text_alignment=&#8220;default&#8220; column_border_width=&#8220;none&#8220; column_border_style=&#8220;solid&#8220;]<div class=\"img-with-aniamtion-wrap center\" data-max-width=\"100%\"><div class=\"inner\"><a href=\"https:\/\/8.villas\/de\/bambu\/\" target=\"_self\" class=\"center\"><img data-shadow=\"none\" data-shadow-direction=\"middle\" class=\"img-with-animation \" data-delay=\"0\" height=\"402\" width=\"600\" data-animation=\"none\" src=\"https:\/\/8.villas\/de\/wp-content\/uploads\/sites\/2\/2016\/08\/region_gallery_bambu.jpg\" srcset=\"https:\/\/8.villas\/de\/wp-content\/uploads\/sites\/2\/2016\/08\/region_gallery_bambu.jpg 600w, https:\/\/8.villas\/de\/wp-content\/uploads\/sites\/2\/2016\/08\/region_gallery_bambu-300x201.jpg 300w\" alt=\"\" \/><\/a><\/div><\/div>\t<div class=\"wpb_text_column wpb_content_element \">\n\t\t<div class=\"wpb_wrapper\">\n\t\t\t<h2><a href=\"\/bambu\/\" target=\"_self\">BAMBU<\/a><\/h2>\n\t\t<\/div>\n\t<\/div>\n\n\t<div class=\"wpb_text_column wpb_content_element \">\n\t\t<div class=\"wpb_wrapper\">\n\t\t\t<h5>6Zi - Jamaica<br>Betten&nbsp;14: 1.090\u20ac \u2013 1.840\u20ac \/ Nacht<\/h5>\n\t\t<\/div>\n\t<\/div>\n[\/vc_column][vc_column column_padding=&#8220;no-extra-padding&#8220; column_padding_position=&#8220;all&#8220; background_color_opacity=&#8220;1&#8243; background_hover_color_opacity=&#8220;1&#8243; column_shadow=&#8220;none&#8220; width=&#8220;1\/3&#8243; tablet_text_alignment=&#8220;default&#8220; phone_text_alignment=&#8220;default&#8220; column_border_width=&#8220;none&#8220; column_border_style=&#8220;solid&#8220;]<div class=\"img-with-aniamtion-wrap center\" data-max-width=\"100%\"><div class=\"inner\"><a href=\"https:\/\/8.villas\/de\/sea-salt-at-the-tryall-club\/\" target=\"_self\" class=\"center\"><img data-shadow=\"medium_depth\" data-shadow-direction=\"middle\" class=\"img-with-animation \" data-delay=\"0\" height=\"402\" width=\"600\" data-animation=\"none\" src=\"https:\/\/8.villas\/de\/wp-content\/uploads\/sites\/2\/2016\/08\/region_gallery_seasalt.jpg\" srcset=\"https:\/\/8.villas\/de\/wp-content\/uploads\/sites\/2\/2016\/08\/region_gallery_seasalt.jpg 600w, https:\/\/8.villas\/de\/wp-content\/uploads\/sites\/2\/2016\/08\/region_gallery_seasalt-300x201.jpg 300w\" alt=\"\" \/><\/a><\/div><\/div>\t<div class=\"wpb_text_column wpb_content_element \">\n\t\t<div class=\"wpb_wrapper\">\n\t\t\t<h2><a href=\"\/sea-salt-at-the-tryall-club\/\" target=\"_self\">SEA SALT AT THE TRYALL CLUB<\/a><\/h2>\n\t\t<\/div>\n\t<\/div>\n\n\t<div class=\"wpb_text_column wpb_content_element \">\n\t\t<div class=\"wpb_wrapper\">\n\t\t\t<h5>5Zi - Jamaica<br>Betten&nbsp;10: 1.590\u20ac \u2013 1.980\u20ac \/ Nacht<\/h5>\n\t\t<\/div>\n\t<\/div>\n[\/vc_column][vc_column column_padding=&#8220;no-extra-padding&#8220; column_padding_position=&#8220;all&#8220; background_color_opacity=&#8220;1&#8243; background_hover_color_opacity=&#8220;1&#8243; top_margin=&#8220;5&#8243; column_shadow=&#8220;none&#8220; width=&#8220;1\/3&#8243; tablet_text_alignment=&#8220;default&#8220; phone_text_alignment=&#8220;default&#8220; column_border_width=&#8220;none&#8220; column_border_style=&#8220;solid&#8220;][nectar_flip_box image_url_1=&#8220;10298&#8243; text_color=&#8220;light&#8220; icon_color=&#8220;Accent-Color&#8220; text_color_2=&#8220;dark&#8220; h_text_align=&#8220;left&#8220; v_text_align=&#8220;bottom&#8220; flip_direction=&#8220;horizontal-to-left&#8220; front_content=&#8220;Contact us today&#8220; min_height=&#8220;270&#8243;]\n<h5>We offer an exceptional service that will help you to find your perfect luxury retreat.<br \/>\nSo please tell us what you imagine: <a class=\"ex_link\" href=\"mailto:service@8.villas\" target=\"_blank\" rel=\"noopener noreferrer\">service@8.villas<\/a><\/h5>\n[\/nectar_flip_box][\/vc_column][\/vc_row][vc_row type=&#8220;in_container&#8220; full_screen_row_position=&#8220;middle&#8220; scene_position=&#8220;center&#8220; text_color=&#8220;dark&#8220; text_align=&#8220;left&#8220; overlay_strength=&#8220;0.3&#8243;][vc_column column_padding=&#8220;no-extra-padding&#8220; column_padding_position=&#8220;all&#8220; background_color_opacity=&#8220;1&#8243; background_hover_color_opacity=&#8220;1&#8243; column_shadow=&#8220;none&#8220; width=&#8220;1\/1&#8243; tablet_text_alignment=&#8220;default&#8220; phone_text_alignment=&#8220;default&#8220; column_border_width=&#8220;none&#8220; column_border_style=&#8220;solid&#8220;][vc_custom_heading text=&#8220;Lassen Sie sich anstecken vom Reggae-Rhythmus, der in der Luft liegt&#8220; font_container=&#8220;tag:h2|text_align:center&#8220; google_fonts=&#8220;font_family:Open%20Sans%3A300%2C300italic%2Cregular%2Citalic%2C600%2C600italic%2C700%2C700italic%2C800%2C800italic|font_style:400%20regular%3A400%3Anormal&#8220;][carousel script=&#8220;owl_carousel&#8220; desktop_cols=&#8220;3&#8243; desktop_small_cols=&#8220;3&#8243; tablet_cols=&#8220;2&#8243; mobile_cols=&#8220;1&#8243; column_padding=&#8220;10px&#8220;][item id=&#8220;1497072355-1-76&#8243; tab_id=&#8220;1497072370510-7&#8243; title=&#8220;Item&#8220;][vc_column_text]Wenn Sie Jamaika h\u00f6ren, denken Sie gleich an Bob Marley, Reggae und Rasta Z\u00f6pfe. Aber Jamaika ist mehr als das. Jamaika hat eine bemerkenswerte Landschaft mit Zucker-wei\u00dfen Sandstr\u00e4nden an warmen t\u00fcrkisfarbenem Meer, gr\u00fcnen Bergen und bezaubernden Wasserf\u00e4llen.[\/vc_column_text][\/item][item id=&#8220;1497072355-2-36&#8243; tab_id=&#8220;1497072370843-9&#8243; title=&#8220;Item&#8220;][vc_column_text]Montego Bay kann als die &#8222;Tourismushauptstadt&#8220; bezeichnet werden, mit seinen lebhaften Stra\u00dfenm\u00e4rkten, vielen All-Inclusive-Hotels und actionreichen Wassersportaktivit\u00e4ten an den Str\u00e4nden.[\/vc_column_text][\/item][item id=&#8220;1497072355-3-38&#8243; tab_id=&#8220;1497072371165-7&#8243; title=&#8220;Item&#8220;][vc_column_text]In Ocho finden Sie die sch\u00f6nsten Wasserf\u00e4lle und \u00fcppige tropische G\u00e4rten. Die bekannte Runaway Bay ist nur 10 Meilen entfernt und hat wundersch\u00f6ne Riffe zum Tauchen.[\/vc_column_text][\/item][item title=&#8220;Item&#8220; id=&#8220;1497072462901-0-7&#8243; tab_id=&#8220;1497072462910-6&#8243;][vc_column_text]Wenn Sie nach einem ruhigeren Platz suchen, ist der Seven Mile Beach in Negril der beste Ort. Er ist auch beliebt f\u00fcr seine spektakul\u00e4ren Sonnenunterg\u00e4nge. Die Blue Mountains sind bekannt f\u00fcr ihre Kaffeebohnen, Wanderwege, Fl\u00fcsse und Wasserf\u00e4lle.[\/vc_column_text][\/item][item title=&#8220;Item&#8220; id=&#8220;1497072480777-0-0&#8243; tab_id=&#8220;1497072480786-4&#8243;][vc_column_text]Der Juni markiert das j\u00e4hrliche Ocho Rio Jazz Festival, das 30 Veranstaltungen auf der Insel beherbergt. Gegr\u00fcndet 1991 von Sonny Bradshaw wurde es eine touristische Attraktion zur F\u00f6rderung der jamaikanischen Musik. Es wird Live-Jazzmusik von lokalen K\u00fcnstlern sowie internationalen Jazz-Musikern gespielt.[\/vc_column_text][\/item][item title=&#8220;Item&#8220; id=&#8220;1497072498122-0-5&#8243; tab_id=&#8220;1497072498133-4&#8243;][vc_column_text]Sie sollten auf einem der lokalen M\u00e4rkte die authentische jamaikanische K\u00fcche probieren, von ger\u00f6steten Mais bis ged\u00e4mpften Fisch und Honig. Nat\u00fcrlich wird Reggae-Musik im Hintergrund gespielt.[\/vc_column_text][\/item][\/carousel][\/vc_column][\/vc_row][vc_row type=&#8220;in_container&#8220; full_screen_row_position=&#8220;middle&#8220; scene_position=&#8220;center&#8220; text_color=&#8220;dark&#8220; text_align=&#8220;left&#8220; overlay_strength=&#8220;0.3&#8243;][vc_column column_padding=&#8220;no-extra-padding&#8220; column_padding_position=&#8220;all&#8220; background_color_opacity=&#8220;1&#8243; background_hover_color_opacity=&#8220;1&#8243; column_shadow=&#8220;none&#8220; width=&#8220;1\/1&#8243; tablet_text_alignment=&#8220;default&#8220; phone_text_alignment=&#8220;default&#8220; column_border_width=&#8220;none&#8220; column_border_style=&#8220;solid&#8220;][carousel script=&#8220;owl_carousel&#8220; desktop_cols=&#8220;4&#8243; desktop_small_cols=&#8220;3&#8243; tablet_cols=&#8220;2&#8243; mobile_cols=&#8220;1&#8243; column_padding=&#8220;5px&#8220;][item id=&#8220;1493992897-1-11&#8243; tab_id=&#8220;1493993060604-9&#8243; title=&#8220;Item&#8220;][fancy_box image_url=&#8220;10038&#8243; color=&#8220;Accent-Color&#8220; link_url=&#8220;https:\/\/8.villas\/de\/st-barth\/&#8220; link_text=&#8220;Villen in Saint Barth&#8220;]Saint Barth[\/fancy_box][\/item][item id=&#8220;1493992897-2-34&#8243; tab_id=&#8220;1493993060903-10&#8243; title=&#8220;Item&#8220;][fancy_box image_url=&#8220;10033&#8243; color=&#8220;Accent-Color&#8220; link_url=&#8220;https:\/\/8.villas\/de\/st-martin\/&#8220; link_text=&#8220;Villen in Saint Martin&#8220;]Saint Martin[\/fancy_box][\/item][item id=&#8220;1493992897-3-63&#8243; tab_id=&#8220;1493993061201-9&#8243; title=&#8220;Item&#8220;][fancy_box image_url=&#8220;10034&#8243; color=&#8220;Accent-Color&#8220; link_url=&#8220;https:\/\/8.villas\/de\/barbados\/&#8220; link_text=&#8220;Villen in Barbados&#8220;]Barbados[\/fancy_box][\/item][item title=&#8220;Item&#8220; id=&#8220;1493993219495-0-10&#8243; tab_id=&#8220;1493993219503-5&#8243;][fancy_box image_url=&#8220;10035&#8243; color=&#8220;Accent-Color&#8220; link_url=&#8220;https:\/\/8.villas\/de\/st-lucia\/&#8220; link_text=&#8220;Villen in Saint Lucia&#8220;]Saint Lucia[\/fancy_box][\/item][\/carousel][\/vc_column][\/vc_row]\n","protected":false},"excerpt":{"rendered":"<p>[vc_row type=&#8220;in_container&#8220; full_screen_row_position=&#8220;middle&#8220; scene_position=&#8220;center&#8220; text_color=&#8220;dark&#8220; text_align=&#8220;left&#8220; overlay_strength=&#8220;0.3&#8243;][vc_column column_padding=&#8220;no-extra-padding&#8220; column_padding_position=&#8220;all&#8220; background_color_opacity=&#8220;1&#8243; background_hover_color_opacity=&#8220;1&#8243; column_shadow=&#8220;none&#8220; width=&#8220;1\/1&#8243; tablet_text_alignment=&#8220;default&#8220; phone_text_alignment=&#8220;default&#8220; column_border_width=&#8220;none&#8220; column_border_style=&#8220;solid&#8220;][\/vc_column][\/vc_row][vc_row type=&#8220;in_container&#8220; full_screen_row_position=&#8220;middle&#8220; equal_height=&#8220;yes&#8220; scene_position=&#8220;center&#8220; text_color=&#8220;dark&#8220; text_align=&#8220;left&#8220; overlay_strength=&#8220;0.3&#8243;][vc_column column_padding=&#8220;no-extra-padding&#8220; column_padding_position=&#8220;all&#8220; background_color_opacity=&#8220;1&#8243; background_hover_color_opacity=&#8220;1&#8243; column_shadow=&#8220;none&#8220; width=&#8220;1\/3&#8243;&#8230;<\/p>\n","protected":false},"author":2,"featured_media":0,"parent":0,"menu_order":0,"comment_status":"closed","ping_status":"closed","template":"","meta":[],"_links":{"self":[{"href":"https:\/\/8.villas\/de\/wp-json\/wp\/v2\/pages\/3183"}],"collection":[{"href":"https:\/\/8.villas\/de\/wp-json\/wp\/v2\/pages"}],"about":[{"href":"https:\/\/8.villas\/de\/wp-json\/wp\/v2\/types\/page"}],"author":[{"embeddable":true,"href":"https:\/\/8.villas\/de\/wp-json\/wp\/v2\/users\/2"}],"replies":[{"embeddable":true,"href":"https:\/\/8.villas\/de\/wp-json\/wp\/v2\/comments?post=3183"}],"version-history":[{"count":18,"href":"https:\/\/8.villas\/de\/wp-json\/wp\/v2\/pages\/3183\/revisions"}],"predecessor-version":[{"id":10371,"href":"https:\/\/8.villas\/de\/wp-json\/wp\/v2\/pages\/3183\/revisions\/10371"}],"wp:attachment":[{"href":"https:\/\/8.villas\/de\/wp-json\/wp\/v2\/media?parent=3183"}],"curies":[{"name":"wp","href":"https:\/\/api.w.org\/{rel}","templated":true}]}}