{"id":344,"date":"2016-07-27T14:46:00","date_gmt":"2016-07-27T14:46:00","guid":{"rendered":"https:\/\/8.villas\/?page_id=344"},"modified":"2017-06-24T05:42:23","modified_gmt":"2017-06-24T05:42:23","slug":"sri-lanka","status":"publish","type":"page","link":"https:\/\/8.villas\/de\/sri-lanka\/","title":{"rendered":"Sri Lanka"},"content":{"rendered":"[vc_row type=&#8220;in_container&#8220; full_screen_row_position=&#8220;middle&#8220; scene_position=&#8220;center&#8220; text_color=&#8220;dark&#8220; text_align=&#8220;left&#8220; overlay_strength=&#8220;0.3&#8243;][vc_column column_padding=&#8220;no-extra-padding&#8220; column_padding_position=&#8220;all&#8220; background_color_opacity=&#8220;1&#8243; background_hover_color_opacity=&#8220;1&#8243; column_shadow=&#8220;none&#8220; width=&#8220;1\/1&#8243; tablet_text_alignment=&#8220;default&#8220; phone_text_alignment=&#8220;default&#8220; column_border_width=&#8220;none&#8220; column_border_style=&#8220;solid&#8220;]<div style=\"height: 500px\"  data-transition=\"slide\" data-overall_style=\"classic\" data-flexible-height=\"\" data-animate-in-effect=\"none\" data-fullscreen=\"false\" data-button-sizing=\"regular\" data-button-styling=\"btn_with_count\" data-autorotate=\"\" data-parallax=\"false\" data-full-width=\"true\" class=\"nectar-slider-wrap \" id=\"ns-id-69e2334fd6d8b\">\n\t\t\t<div style=\"height: 500px\" class=\"swiper-container\"  data-tho=\"auto\" data-tco=\"auto\" data-pho=\"auto\" data-pco=\"auto\" data-loop=\"false\" data-height=\"500\" data-min-height=\"\" data-arrows=\"false\" data-bullets=\"false\" data-bullet_style=\"see_through\" data-desktop-swipe=\"false\" data-settings=\"\">\n\t\t\t\t    <div class=\"swiper-wrapper\"><div class=\"swiper-slide\" data-bg-alignment=\"center\" data-color-scheme=\"light\" data-x-pos=\"left\" data-y-pos=\"middle\"> \n\t\t\t\t\t\t\t\t<div class=\"image-bg\" style=\"background-image: url(https:\/\/8.villas\/de\/wp-content\/uploads\/2016\/11\/sri-lanka.jpg);\"> &nbsp; <\/div><div class=\"container\">\n\t\t\t\t\t\t\t\t\t<div class=\"content\"><h2>Sri Lanka<\/h2><\/div>\n\t\t\t\t\t\t\t\t<\/div><!--\/container--><div class=\"video-texture \"> <span class=\"ie-fix\"><\/span> <\/div><\/div><!--\/swiper-slide--><div class=\"swiper-slide\" data-bg-alignment=\"center\" data-color-scheme=\"light\" data-x-pos=\"left\" data-y-pos=\"middle\"> \n\t\t\t\t\t\t\t\t<div class=\"image-bg\" style=\"background-image: url(https:\/\/8.villas\/de\/wp-content\/uploads\/2016\/11\/sri-lanka.jpg);\"> &nbsp; <\/div><div class=\"container\">\n\t\t\t\t\t\t\t\t\t<div class=\"content\"><h2>Sri Lanka<\/h2><\/div>\n\t\t\t\t\t\t\t\t<\/div><!--\/container--><div class=\"video-texture \"> <span class=\"ie-fix\"><\/span> <\/div><\/div><!--\/swiper-slide--><\/div><div class=\"nectar-slider-loading \"> <span class=\"loading-icon none\">   <\/span> <\/div> <\/div> \n\t\t\t\t\n\t\t\t<\/div>[\/vc_column][\/vc_row][vc_row type=&#8220;in_container&#8220; full_screen_row_position=&#8220;middle&#8220; equal_height=&#8220;yes&#8220; scene_position=&#8220;center&#8220; text_color=&#8220;dark&#8220; text_align=&#8220;left&#8220; overlay_strength=&#8220;0.3&#8243;][vc_column column_padding=&#8220;no-extra-padding&#8220; column_padding_position=&#8220;all&#8220; background_color_opacity=&#8220;1&#8243; background_hover_color_opacity=&#8220;1&#8243; column_shadow=&#8220;none&#8220; width=&#8220;1\/3&#8243; tablet_text_alignment=&#8220;default&#8220; phone_text_alignment=&#8220;default&#8220; column_border_width=&#8220;none&#8220; column_border_style=&#8220;solid&#8220;]<div class=\"img-with-aniamtion-wrap center\" data-max-width=\"100%\"><div class=\"inner\"><a href=\"https:\/\/8.villas\/de\/pooja-kanda\/\" target=\"_self\" class=\"center\"><img data-shadow=\"none\" data-shadow-direction=\"middle\" class=\"img-with-animation \" data-delay=\"0\" height=\"1536\" width=\"2049\" data-animation=\"none\" src=\"https:\/\/8.villas\/de\/wp-content\/uploads\/sites\/2\/2016\/08\/40-Pooja-Kanda-Dusk.jpg\" srcset=\"https:\/\/8.villas\/de\/wp-content\/uploads\/sites\/2\/2016\/08\/40-Pooja-Kanda-Dusk.jpg 2049w, https:\/\/8.villas\/de\/wp-content\/uploads\/sites\/2\/2016\/08\/40-Pooja-Kanda-Dusk-300x225.jpg 300w, https:\/\/8.villas\/de\/wp-content\/uploads\/sites\/2\/2016\/08\/40-Pooja-Kanda-Dusk-768x576.jpg 768w, https:\/\/8.villas\/de\/wp-content\/uploads\/sites\/2\/2016\/08\/40-Pooja-Kanda-Dusk-1024x768.jpg 1024w\" alt=\"\" \/><\/a><\/div><\/div>\t<div class=\"wpb_text_column wpb_content_element \">\n\t\t<div class=\"wpb_wrapper\">\n\t\t\t<h2><a href=\"\/pooja-kanda\/\" target=\"_self\">VILLA POOJA KANDA<\/a><\/h2>\n\t\t<\/div>\n\t<\/div>\n\n\t<div class=\"wpb_text_column wpb_content_element \">\n\t\t<div class=\"wpb_wrapper\">\n\t\t\t<h5>5Zi - Koggala, South Coast, Sri Lanka<br>Betten&nbsp;10: 440\u20ac \u2013 680\u20ac \/ Nacht<\/h5>\n\t\t<\/div>\n\t<\/div>\n[\/vc_column][vc_column column_padding=&#8220;no-extra-padding&#8220; column_padding_position=&#8220;all&#8220; background_color_opacity=&#8220;1&#8243; background_hover_color_opacity=&#8220;1&#8243; column_shadow=&#8220;none&#8220; width=&#8220;1\/3&#8243; tablet_text_alignment=&#8220;default&#8220; phone_text_alignment=&#8220;default&#8220; column_border_width=&#8220;none&#8220; column_border_style=&#8220;solid&#8220;]<div class=\"img-with-aniamtion-wrap center\" data-max-width=\"100%\"><div class=\"inner\"><a href=\"https:\/\/8.villas\/de\/39-galle-fort\/\" target=\"_self\" class=\"center\"><img data-shadow=\"none\" data-shadow-direction=\"middle\" class=\"img-with-animation \" data-delay=\"0\" height=\"1536\" width=\"2049\" data-animation=\"none\" src=\"https:\/\/8.villas\/de\/wp-content\/uploads\/sites\/2\/2016\/07\/9.-No.39-Galle-Fort-Master-bedroom.jpg\" srcset=\"https:\/\/8.villas\/de\/wp-content\/uploads\/sites\/2\/2016\/07\/9.-No.39-Galle-Fort-Master-bedroom.jpg 2049w, https:\/\/8.villas\/de\/wp-content\/uploads\/sites\/2\/2016\/07\/9.-No.39-Galle-Fort-Master-bedroom-300x225.jpg 300w, https:\/\/8.villas\/de\/wp-content\/uploads\/sites\/2\/2016\/07\/9.-No.39-Galle-Fort-Master-bedroom-768x576.jpg 768w, https:\/\/8.villas\/de\/wp-content\/uploads\/sites\/2\/2016\/07\/9.-No.39-Galle-Fort-Master-bedroom-1024x768.jpg 1024w\" alt=\"\" \/><\/a><\/div><\/div>\t<div class=\"wpb_text_column wpb_content_element \">\n\t\t<div class=\"wpb_wrapper\">\n\t\t\t<h2><a href=\"\/39-galle-fort\/\" target=\"_self\">NO. 39 GALLE FORT<\/a><\/h2>\n\t\t<\/div>\n\t<\/div>\n\n\t<div class=\"wpb_text_column wpb_content_element \">\n\t\t<div class=\"wpb_wrapper\">\n\t\t\t<h5>3Zi - Galle Fort, Sri Lanka<br>Betten&nbsp;6: 310\u20ac \u2013 450\u20ac \/ Nacht<\/h5>\n\t\t<\/div>\n\t<\/div>\n[\/vc_column][vc_column column_padding=&#8220;no-extra-padding&#8220; column_padding_position=&#8220;all&#8220; background_color_opacity=&#8220;1&#8243; background_hover_color_opacity=&#8220;1&#8243; column_shadow=&#8220;none&#8220; width=&#8220;1\/3&#8243; tablet_text_alignment=&#8220;default&#8220; phone_text_alignment=&#8220;default&#8220; column_border_width=&#8220;none&#8220; column_border_style=&#8220;solid&#8220;]<div class=\"img-with-aniamtion-wrap center\" data-max-width=\"100%\"><div class=\"inner\"><a href=\"https:\/\/8.villas\/de\/ambassadors-house\/\" target=\"_self\" class=\"center\"><img data-shadow=\"none\" data-shadow-direction=\"middle\" class=\"img-with-animation \" data-delay=\"0\" height=\"1536\" width=\"2049\" data-animation=\"none\" src=\"https:\/\/8.villas\/de\/wp-content\/uploads\/sites\/2\/2016\/08\/02-Ambassadors-House-Galle-Pool-and-bedrooms-1.jpg\" srcset=\"https:\/\/8.villas\/de\/wp-content\/uploads\/sites\/2\/2016\/08\/02-Ambassadors-House-Galle-Pool-and-bedrooms-1.jpg 2049w, https:\/\/8.villas\/de\/wp-content\/uploads\/sites\/2\/2016\/08\/02-Ambassadors-House-Galle-Pool-and-bedrooms-1-300x225.jpg 300w, https:\/\/8.villas\/de\/wp-content\/uploads\/sites\/2\/2016\/08\/02-Ambassadors-House-Galle-Pool-and-bedrooms-1-768x576.jpg 768w, https:\/\/8.villas\/de\/wp-content\/uploads\/sites\/2\/2016\/08\/02-Ambassadors-House-Galle-Pool-and-bedrooms-1-1024x768.jpg 1024w\" alt=\"\" \/><\/a><\/div><\/div>\t<div class=\"wpb_text_column wpb_content_element \">\n\t\t<div class=\"wpb_wrapper\">\n\t\t\t<h2><a href=\"\/ambassadors-house\/\" target=\"_self\">AMBASSADOR'S HOUSE<\/a><\/h2>\n\t\t<\/div>\n\t<\/div>\n\n\t<div class=\"wpb_text_column wpb_content_element \">\n\t\t<div class=\"wpb_wrapper\">\n\t\t\t<h5>5Zi - Galle Fort, Sri Lanka<br>Betten&nbsp;10: 540\u20ac \u2013 860\u20ac \/ Nacht<\/h5>\n\t\t<\/div>\n\t<\/div>\n[\/vc_column][\/vc_row][vc_row type=&#8220;in_container&#8220; full_screen_row_position=&#8220;middle&#8220; scene_position=&#8220;center&#8220; text_color=&#8220;dark&#8220; text_align=&#8220;left&#8220; overlay_strength=&#8220;0.3&#8243;][vc_column column_padding=&#8220;no-extra-padding&#8220; column_padding_position=&#8220;all&#8220; background_color_opacity=&#8220;1&#8243; background_hover_color_opacity=&#8220;1&#8243; column_shadow=&#8220;none&#8220; width=&#8220;1\/1&#8243; tablet_text_alignment=&#8220;default&#8220; phone_text_alignment=&#8220;default&#8220; column_border_width=&#8220;none&#8220; column_border_style=&#8220;solid&#8220;][vc_custom_heading text=&#8220;Kommen Sie nach Sri Lanka und genie\u00dfen Sie die Sch\u00f6nheit des Landes&#8220; font_container=&#8220;tag:h2|text_align:center&#8220; google_fonts=&#8220;font_family:Open%20Sans%3A300%2C300italic%2Cregular%2Citalic%2C600%2C600italic%2C700%2C700italic%2C800%2C800italic|font_style:400%20regular%3A400%3Anormal&#8220;][carousel script=&#8220;owl_carousel&#8220; desktop_cols=&#8220;3&#8243; desktop_small_cols=&#8220;3&#8243; tablet_cols=&#8220;2&#8243; mobile_cols=&#8220;1&#8243; column_padding=&#8220;10px&#8220;][item id=&#8220;1496810844-1-61&#8243; tab_id=&#8220;1496810860456-3&#8243; title=&#8220;Item&#8220;][vc_column_text]Das fr\u00fchere Ceylon ist mit seiner fast 1.600 km von Palmen ges\u00e4umter K\u00fcste das ideale Ziel f\u00fcr Badeurlaub &#8211; von Windsurfen, Kajak, Segeln, Wasserski bis Tauchen, oder auch nur f\u00fcr einen erholsamen Tag am Strand.[\/vc_column_text][\/item][item id=&#8220;1496810844-2-10&#8243; tab_id=&#8220;1496810860891-2&#8243; title=&#8220;Item&#8220;][vc_column_text]Sie werden Alles auf Sri Lanka vorfinden. Die besten Str\u00e4nde liegen im S\u00fcden. Tangalla, Beruwala, Mirissa, Bentota und Unawatuna bieten wundervolle Korallenriffe.[\/vc_column_text][\/item][item id=&#8220;1496810844-3-56&#8243; tab_id=&#8220;1496810861309-8&#8243; title=&#8220;Item&#8220;][vc_column_text]Mehr Ruhe und Abgeschiedenheit findet man an der Ostk\u00fcste. Der bekannteste unter den Str\u00e4nden ist die Arugam-Bucht, die ebenfalls ein Mekka f\u00fcr Surfer ist.[\/vc_column_text][\/item][item title=&#8220;Item&#8220; id=&#8220;1496811225398-0-10&#8243; tab_id=&#8220;1496811225409-8&#8243;][vc_column_text]An der westlichen Ecke des Landes n\u00f6rdlich von Colombo befindet sich die Lagune von Negambo; dort kann man hervorragend frisch gefangenen Hummer essen. Das zentrale Hochland der Insel ist gezeichnet von Bergen mit gr\u00fcnen Teeg\u00e4rten und wundersch\u00f6nen Wasserf\u00e4llen.[\/vc_column_text][\/item][item title=&#8220;Item&#8220; id=&#8220;1496810872457-0-9&#8243; tab_id=&#8220;1496810872470-3&#8243;][vc_column_text]Auf Sri Lanka finden Ihr K\u00f6rper und Ihre Seele mit Ayurveda und Meditation Ruhe und Erholung. Das Geheimnis der Insel liegt in seinen Menschen. Ber\u00fchmt f\u00fcr Freundlichkeit und Herzlichkeit lieben Sie Gew\u00fcrze, scharfes Essen, Kricket und Tee.[\/vc_column_text][\/item][item title=&#8220;Item&#8220; id=&#8220;1496810991039-0-4&#8243; tab_id=&#8220;1496810991050-2&#8243;][vc_column_text]Sri Lanka produziert die weltweit besten Gew\u00fcrze und Tees. Es ist bekannt f\u00fcr seinen Ceylon-Tee &#8211; der beste Tee der Welt. Kommen Sie nach Sri Lanka und genie\u00dfen Sie die Sch\u00f6nheit des Landes bei einer Tasse aromatischen Ceylon Tees.[\/vc_column_text][\/item][\/carousel][\/vc_column][\/vc_row][vc_row type=&#8220;in_container&#8220; full_screen_row_position=&#8220;middle&#8220; scene_position=&#8220;center&#8220; text_color=&#8220;dark&#8220; text_align=&#8220;left&#8220; overlay_strength=&#8220;0.3&#8243;][vc_column column_padding=&#8220;no-extra-padding&#8220; column_padding_position=&#8220;all&#8220; background_color_opacity=&#8220;1&#8243; background_hover_color_opacity=&#8220;1&#8243; top_margin=&#8220;5&#8243; column_shadow=&#8220;none&#8220; width=&#8220;1\/1&#8243; tablet_text_alignment=&#8220;default&#8220; phone_text_alignment=&#8220;default&#8220; column_border_width=&#8220;none&#8220; column_border_style=&#8220;solid&#8220;][nectar_flip_box image_url_1=&#8220;10308&#8243; text_color=&#8220;light&#8220; icon_color=&#8220;Accent-Color&#8220; text_color_2=&#8220;dark&#8220; h_text_align=&#8220;left&#8220; v_text_align=&#8220;bottom&#8220; flip_direction=&#8220;horizontal-to-left&#8220; front_content=&#8220;Contact us today&#8220; min_height=&#8220;270&#8243;]\n<h5>We offer an exceptional service that will help you to find your perfect luxury retreat.<br \/>\nSo please tell us what you imagine: <a class=\"ex_link\" href=\"mailto:service@8.villas\" target=\"_blank\" rel=\"noopener noreferrer\">service@8.villas<\/a><\/h5>\n[\/nectar_flip_box][\/vc_column][\/vc_row][vc_row type=&#8220;in_container&#8220; full_screen_row_position=&#8220;middle&#8220; scene_position=&#8220;center&#8220; text_color=&#8220;dark&#8220; text_align=&#8220;left&#8220; overlay_strength=&#8220;0.3&#8243;][vc_column column_padding=&#8220;no-extra-padding&#8220; column_padding_position=&#8220;all&#8220; background_color_opacity=&#8220;1&#8243; background_hover_color_opacity=&#8220;1&#8243; column_shadow=&#8220;none&#8220; width=&#8220;1\/1&#8243; tablet_text_alignment=&#8220;default&#8220; phone_text_alignment=&#8220;default&#8220; column_border_width=&#8220;none&#8220; column_border_style=&#8220;solid&#8220;][carousel script=&#8220;owl_carousel&#8220; desktop_cols=&#8220;3&#8243; desktop_small_cols=&#8220;3&#8243; tablet_cols=&#8220;2&#8243; mobile_cols=&#8220;1&#8243; column_padding=&#8220;10px&#8220;][item id=&#8220;1493910905-1-72&#8243; tab_id=&#8220;1493910925297-9&#8243; title=&#8220;Item&#8220;][fancy_box image_url=&#8220;10006&#8243; color=&#8220;Accent-Color&#8220; link_url=&#8220;https:\/\/8.villas\/de\/bali\/&#8220; link_text=&#8220;Villen in Bali&#8220;]<a href=\"https:\/\/8.villas\/de\/bali\/\">Bali<\/a>[\/fancy_box][\/item][item id=&#8220;1493910905-2-24&#8243; tab_id=&#8220;1493910925659-6&#8243; title=&#8220;Item&#8220;][fancy_box image_url=&#8220;10008&#8243; color=&#8220;Accent-Color&#8220; link_url=&#8220;https:\/\/8.villas\/de\/lombok\/&#8220; link_text=&#8220;Villen in Lombok&#8220;]Lombok[\/fancy_box][\/item][item id=&#8220;1493910905-3-5&#8243; tab_id=&#8220;1493910926006-6&#8243; title=&#8220;Item&#8220;][fancy_box image_url=&#8220;10010&#8243; color=&#8220;Accent-Color&#8220; link_url=&#8220;https:\/\/8.villas\/de\/phuket\/&#8220; link_text=&#8220;Villen in Phuket&#8220;]Phuket[\/fancy_box][\/item][\/carousel][\/vc_column][\/vc_row]\n","protected":false},"excerpt":{"rendered":"<p>[vc_row type=&#8220;in_container&#8220; full_screen_row_position=&#8220;middle&#8220; scene_position=&#8220;center&#8220; text_color=&#8220;dark&#8220; text_align=&#8220;left&#8220; overlay_strength=&#8220;0.3&#8243;][vc_column column_padding=&#8220;no-extra-padding&#8220; column_padding_position=&#8220;all&#8220; background_color_opacity=&#8220;1&#8243; background_hover_color_opacity=&#8220;1&#8243; column_shadow=&#8220;none&#8220; width=&#8220;1\/1&#8243; tablet_text_alignment=&#8220;default&#8220; phone_text_alignment=&#8220;default&#8220; column_border_width=&#8220;none&#8220; column_border_style=&#8220;solid&#8220;][\/vc_column][\/vc_row][vc_row type=&#8220;in_container&#8220; full_screen_row_position=&#8220;middle&#8220; equal_height=&#8220;yes&#8220; scene_position=&#8220;center&#8220; text_color=&#8220;dark&#8220; text_align=&#8220;left&#8220; overlay_strength=&#8220;0.3&#8243;][vc_column column_padding=&#8220;no-extra-padding&#8220; column_padding_position=&#8220;all&#8220; background_color_opacity=&#8220;1&#8243; background_hover_color_opacity=&#8220;1&#8243; column_shadow=&#8220;none&#8220; width=&#8220;1\/3&#8243;&#8230;<\/p>\n","protected":false},"author":1,"featured_media":0,"parent":0,"menu_order":0,"comment_status":"closed","ping_status":"closed","template":"","meta":[],"_links":{"self":[{"href":"https:\/\/8.villas\/de\/wp-json\/wp\/v2\/pages\/344"}],"collection":[{"href":"https:\/\/8.villas\/de\/wp-json\/wp\/v2\/pages"}],"about":[{"href":"https:\/\/8.villas\/de\/wp-json\/wp\/v2\/types\/page"}],"author":[{"embeddable":true,"href":"https:\/\/8.villas\/de\/wp-json\/wp\/v2\/users\/1"}],"replies":[{"embeddable":true,"href":"https:\/\/8.villas\/de\/wp-json\/wp\/v2\/comments?post=344"}],"version-history":[{"count":38,"href":"https:\/\/8.villas\/de\/wp-json\/wp\/v2\/pages\/344\/revisions"}],"predecessor-version":[{"id":10354,"href":"https:\/\/8.villas\/de\/wp-json\/wp\/v2\/pages\/344\/revisions\/10354"}],"wp:attachment":[{"href":"https:\/\/8.villas\/de\/wp-json\/wp\/v2\/media?parent=344"}],"curies":[{"name":"wp","href":"https:\/\/api.w.org\/{rel}","templated":true}]}}