{"id":7998,"date":"2016-12-02T23:32:34","date_gmt":"2016-12-02T23:32:34","guid":{"rendered":"https:\/\/8.villas\/?page_id=7998"},"modified":"2017-06-26T16:35:52","modified_gmt":"2017-06-26T16:35:52","slug":"impressum","status":"publish","type":"page","link":"https:\/\/8.villas\/de\/impressum\/","title":{"rendered":"Legal Disclosure"},"content":{"rendered":"[vc_row type=&#8220;in_container&#8220; full_screen_row_position=&#8220;middle&#8220; scene_position=&#8220;center&#8220; text_color=&#8220;dark&#8220; text_align=&#8220;left&#8220; overlay_strength=&#8220;0.3&#8243;][vc_column column_padding=&#8220;no-extra-padding&#8220; column_padding_position=&#8220;all&#8220; background_color_opacity=&#8220;1&#8243; background_hover_color_opacity=&#8220;1&#8243; column_shadow=&#8220;none&#8220; el_class=&#8220;company-page&#8220; width=&#8220;1\/1&#8243; tablet_text_alignment=&#8220;default&#8220; phone_text_alignment=&#8220;default&#8220; column_border_width=&#8220;none&#8220; column_border_style=&#8220;solid&#8220;][vc_column_text]\n<h1>Legal Disclosure<\/h1>\n<p>Information in accordance with section 5 TMG<\/p>\n<p>Travel Graph GmbH<br \/>\nGau\u00dfstra\u00dfe 136<br \/>\n22765 Hamburg<\/p>\n<h2>Represented by<\/h2>\n<p><a href=\"https:\/\/www.linkedin.com\/in\/christiankaspar\/\">Christian Kaspar<\/a> &amp; <a href=\"https:\/\/www.xing.com\/profile\/Matthias_RothHof\">Matthias Roth-Hof<\/a><\/p>\n<h2>Contact<\/h2>\n<p>Telephone: +49 176 42020555<br \/>\nE-Mail: <a href=\"mailto:team@travel-graph.com\">team@travel-graph.com<\/a><br \/>\nInternetaddress: <a href=\"http:\/\/www.8.villas\" target=\"_blank\" rel=\"noopener noreferrer\">8.villas<\/a><\/p>\n<h2>Register entry<\/h2>\n<p>Entry in Handelsregister<br \/>\nRegister Number: HR B 140585<br \/>\nRegister Court: Handelskammer Hamburg<\/p>\n<h2>VAT number<\/h2>\n<p>VAT indentification number in accorance with section 27 a of the German VAT act<br \/>\nDE300765601<\/p>\n<h2>Person responsible for content in accordance with 55 Abs. 2 RStV<\/h2>\n<p><span style=\"color: #000000;\">Matthias Roth-Hof<\/span><\/p>\n<h2>Disclaimer<\/h2>\n<p><span style=\"color: #000000;\">Accountability for content<\/span><br \/>\n<span style=\"color: #000000;\">The contents of our pages have been created with the utmost care. However, we cannot guarantee the contents&#8216; accuracy, completeness or topicality. According to statutory provisions, we are furthermore responsible for our own content on these web pages. In this context, please note that we are accordingly not obliged to monitor merely the transmitted or saved information of third parties, or investigate circumstances pointing to illegal activity. Our obligations to remove or block the use of information under generally applicable laws remain unaffected by this as per \u00a7\u00a7 8 to 10 of the Telemedia Act (TMG).<\/span><\/p>\n<p><span style=\"color: #000000;\">Accountability for links<\/span><br \/>\n<span style=\"color: #000000;\">Responsibility for the content of external links (to web pages of third parties) lies solely with the operators of the linked pages. No violations were evident to us at the time of linking. Should any legal infringement become known to us, we will remove the respective link immediately.<\/span><\/p>\n<p><span style=\"color: #000000;\">Copyright<\/span><br \/>\n<span style=\"color: #000000;\"> Our web pages and their contents are subject to German copyright law. Unless expressly permitted by law (\u00a7 44a et seq. of the copyright law), every form of utilizing, reproducing or processing works subject to copyright protection on our web pages requires the prior consent of the respective owner of the rights. Individual reproductions of a work are allowed only for private use, so must not serve either directly or indirectly for earnings. Unauthorized utilization of copyrighted works is punishable (\u00a7 106 of the copyright law).<\/span><\/p>\n<h2>Datenschutzerkl\u00e4rung<\/h2>\n<p><span style=\"color: #000000;\">Google Analytics<\/span><br \/>\nDiese Webseite benutzt Google Analytics, einen Webanalysedienst der Google Inc. Google Analytics verwendet sog. \u201eCookies\u201c, Textdateien, die auf Ihrem Computer gespeichert werden und die eine Analyse der Benutzung der Website durch Sie erm\u00f6glichen. Die durch das Cookie erzeugten Informationen \u00fcber Ihre Benutzung dieser Website werden in der Regel an einen Server von Google in den USA \u00fcbertragen und dort gespeichert. Im Falle der Aktivierung der IP-Anonymisierung auf dieser Webseite, wird Ihre IP-Adresse von Google jedoch innerhalb von Mitgliedstaaten der Europ\u00e4ischen Union oder in anderen Vertragsstaaten des Abkommens \u00fcber den Europ\u00e4ischen Wirtschaftsraum zuvor gek\u00fcrzt. Nur in Ausnahmef\u00e4llen wird die volle IP-Adresse an einen Server von Google in den USA \u00fcbertragen und dort gek\u00fcrzt.<br \/>\nSie k\u00f6nnen die Speicherung der Cookies durch eine entsprechende Einstellung Ihrer Browser-Software verhindern; wir weisen Sie jedoch darauf hin, dass Sie in diesem Fall gegebenenfalls nicht s\u00e4mtliche Funktionen dieser Website vollumf\u00e4nglich werden nutzen k\u00f6nnen. Sie k\u00f6nnen dar\u00fcber hinaus die Erfassung der durch das Cookie erzeugten und auf Ihre Nutzung der Webseite bezogenen Daten (inkl. Ihrer IP-Adresse) an Google sowie die Verarbeitung dieser Daten durch Google verhindern, indem sie das unter dem folgenden Link verf\u00fcgbare Browser-Plug-in herunterladen und installieren:<br \/>\nhttp:\/\/tools.google.com\/dlpage\/gaoptout?hl de<br \/>\n<span style=\"color: #000000;\">Einsatz von Google Remarketing<br \/>\nDiese Webseite verwendet die Remarketing-Funktion der Google Inc. Die Funktion dient dazu, Webseitenbesuchern innerhalb des Google-Werbenetzwerks interessenbezogene Werbeanzeigen zu pr\u00e4sentieren. Im Browser des Webseitenbesuchers wird ein sog. \u201cCookie\u201d gespeichert, der es erm\u00f6glicht, den Besucher wiederzuerkennen, wenn dieser Webseiten aufruft, die dem Werbenetzwerk von Google angeh\u00f6ren. Auf diesen Seiten k\u00f6nnen dem Besucher Werbeanzeigen pr\u00e4sentiert werden, die sich auf Inhalte beziehen, die der Besucher zuvor auf Webseiten aufgerufen hat, die die Remarketing Funktion von Google verwenden. Nach eigenen Angaben erhebt Google bei diesem Vorgang keine personenbezogenen Daten. Sollten Sie die Funktion Remarketing von Google dennoch nicht w\u00fcnschen, k\u00f6nnen Sie diese grunds\u00e4tzlich deaktivieren, indem Sie die entsprechenden Einstellungen unter http:\/\/www.google.com\/settings\/ads vornehmen. Alternativ k\u00f6nnen Sie den Einsatz von Cookies f\u00fcr interessenbezogene Werbung \u00fcber die Werbenetzwerkinitiative deaktivieren, indem Sie den Anweisungen www.networkadvertising.org\/choices\/folgen.<\/span>[\/vc_column_text][\/vc_column][\/vc_row]\n","protected":false},"excerpt":{"rendered":"<p>[vc_row type=&#8220;in_container&#8220; full_screen_row_position=&#8220;middle&#8220; scene_position=&#8220;center&#8220; text_color=&#8220;dark&#8220; text_align=&#8220;left&#8220; overlay_strength=&#8220;0.3&#8243;][vc_column column_padding=&#8220;no-extra-padding&#8220; column_padding_position=&#8220;all&#8220; background_color_opacity=&#8220;1&#8243; background_hover_color_opacity=&#8220;1&#8243; column_shadow=&#8220;none&#8220; el_class=&#8220;company-page&#8220; width=&#8220;1\/1&#8243; tablet_text_alignment=&#8220;default&#8220; phone_text_alignment=&#8220;default&#8220; column_border_width=&#8220;none&#8220; column_border_style=&#8220;solid&#8220;][vc_column_text] Legal Disclosure Information in accordance with section 5 TMG Travel Graph GmbH&#8230;<\/p>\n","protected":false},"author":4,"featured_media":0,"parent":0,"menu_order":0,"comment_status":"closed","ping_status":"closed","template":"","meta":[],"_links":{"self":[{"href":"https:\/\/8.villas\/de\/wp-json\/wp\/v2\/pages\/7998"}],"collection":[{"href":"https:\/\/8.villas\/de\/wp-json\/wp\/v2\/pages"}],"about":[{"href":"https:\/\/8.villas\/de\/wp-json\/wp\/v2\/types\/page"}],"author":[{"embeddable":true,"href":"https:\/\/8.villas\/de\/wp-json\/wp\/v2\/users\/4"}],"replies":[{"embeddable":true,"href":"https:\/\/8.villas\/de\/wp-json\/wp\/v2\/comments?post=7998"}],"version-history":[{"count":16,"href":"https:\/\/8.villas\/de\/wp-json\/wp\/v2\/pages\/7998\/revisions"}],"predecessor-version":[{"id":10382,"href":"https:\/\/8.villas\/de\/wp-json\/wp\/v2\/pages\/7998\/revisions\/10382"}],"wp:attachment":[{"href":"https:\/\/8.villas\/de\/wp-json\/wp\/v2\/media?parent=7998"}],"curies":[{"name":"wp","href":"https:\/\/api.w.org\/{rel}","templated":true}]}}